{"id":812,"date":"2020-10-26T12:45:51","date_gmt":"2020-10-26T11:45:51","guid":{"rendered":"https:\/\/www.spanner.sk\/?page_id=812"},"modified":"2022-05-26T15:19:01","modified_gmt":"2022-05-26T13:19:01","slug":"produkty-spanner-sk","status":"publish","type":"page","link":"https:\/\/www.spanner.sk\/en\/produkty-spanner-sk\/","title":{"rendered":"Products"},"content":{"rendered":"<p><strong>WE BUILD NEW HYGIENE STANDARDS TOGETHER<\/strong><\/p>\n<p>In 2019, our company Spanner SK began to engage in product development activities in an effort to create its own products under the Spanner SK brand. The main area of \u200b\u200bour focus is focused on the development of our own machines.<\/p>\n<p>In 2020, the Ministry of Education, Science, Research and Sports of the Slovak Republic issued a CERTIFICATE OF COMPETENCE to perform research and development for Spanner SK, k.s., with its registered office at Robotn\u00edcka 4352, 017 01 Pova\u017esk\u00e1 Bystrica, ID number 36348287.<\/p>\n<p>The situation in Slovakia and in the world has changed significantly with the advent of the corona virus pandemic, and also in connection with the topicality, we have decided to reorient our activities to research and development in the field of disinfection equipment. In 2020, we introduced two of our own innovative products to the market: the Spanner SK disinfection gate and the STELA Smart disinfection stand. Both products are the work of a skilful team of &#8220;Spanner&#8221; people, who came up with not only an idea, but also a complete design, construction solution and at the same time carry out production in their own production facilities in Pova\u017esk\u00e1 Bystrica.<\/p>\n<p>&nbsp;<\/p>\n<div id='gallery-1' class='gallery galleryid-812 gallery-columns-1 gallery-size-medium'><figure class='gallery-item'>\r\n\t\t\t<div class='gallery-icon landscape'>\r\n\t\t\t\t<a href='https:\/\/www.spanner.sk\/en\/?attachment_id=794'><img loading=\"lazy\" decoding=\"async\" width=\"1024\" height=\"321\" src=\"https:\/\/www.spanner.sk\/wp-content\/uploads\/spanner_webbanner_V3-3-1024x321.jpg\" class=\"attachment-medium size-medium\" alt=\"\" \/><\/a>\r\n\t\t\t<\/div><\/figure><\/div>\n\n<p>&nbsp;<\/p>\n","protected":false},"excerpt":{"rendered":"<p>WE BUILD NEW HYGIENE STANDARDS TOGETHER In 2019, our company Spanner SK began to engage in product development activities in an effort to create its own products under the Spanner SK brand. The main area of \u200b\u200bour focus is focused on the development of our own machines. In 2020, the Ministry of Education, Science, Research [&hellip;]<\/p>\n","protected":false},"author":3,"featured_media":0,"parent":0,"menu_order":0,"comment_status":"closed","ping_status":"closed","template":"","meta":{"_acf_changed":false,"_themeisle_gutenberg_block_has_review":false,"footnotes":""},"class_list":["post-812","page","type-page","status-publish","hentry"],"acf":[],"_links":{"self":[{"href":"https:\/\/www.spanner.sk\/en\/wp-json\/wp\/v2\/pages\/812","targetHints":{"allow":["GET"]}}],"collection":[{"href":"https:\/\/www.spanner.sk\/en\/wp-json\/wp\/v2\/pages"}],"about":[{"href":"https:\/\/www.spanner.sk\/en\/wp-json\/wp\/v2\/types\/page"}],"author":[{"embeddable":true,"href":"https:\/\/www.spanner.sk\/en\/wp-json\/wp\/v2\/users\/3"}],"replies":[{"embeddable":true,"href":"https:\/\/www.spanner.sk\/en\/wp-json\/wp\/v2\/comments?post=812"}],"version-history":[{"count":25,"href":"https:\/\/www.spanner.sk\/en\/wp-json\/wp\/v2\/pages\/812\/revisions"}],"predecessor-version":[{"id":1610,"href":"https:\/\/www.spanner.sk\/en\/wp-json\/wp\/v2\/pages\/812\/revisions\/1610"}],"wp:attachment":[{"href":"https:\/\/www.spanner.sk\/en\/wp-json\/wp\/v2\/media?parent=812"}],"curies":[{"name":"wp","href":"https:\/\/api.w.org\/{rel}","templated":true}]}}