{"id":4661,"date":"2026-04-17T09:05:48","date_gmt":"2026-04-17T07:05:48","guid":{"rendered":"https:\/\/www.spanner.sk\/skkontaktencontactdekontakte\/"},"modified":"2026-04-19T21:45:18","modified_gmt":"2026-04-19T19:45:18","slug":"contact","status":"publish","type":"page","link":"https:\/\/www.spanner.sk\/en\/contact\/","title":{"rendered":"CONTACT"},"content":{"rendered":"\n<div id=\"wp-block-themeisle-blocks-advanced-columns-05190169\" class=\"wp-block-themeisle-blocks-advanced-columns alignfull has-1-columns has-desktop-equal-layout has-tablet-equal-layout has-mobile-equal-layout has-vertical-center\"><div class=\"wp-block-themeisle-blocks-advanced-columns-overlay\"><\/div><div class=\"innerblocks-wrap\">\n<div id=\"wp-block-themeisle-blocks-advanced-column-82170349\" class=\"wp-block-themeisle-blocks-advanced-column\">\n<h1 class=\"wp-block-heading has-text-align-left has-white-color has-text-color has-link-color wp-elements-295805fc42480b740e8264d2c1143a38\" style=\"margin-top:0;margin-bottom:5px;padding-top:0;padding-right:0;padding-bottom:0;padding-left:0\">CONTACT<\/h1>\n\n\n\n<div id=\"wp-block-themeisle-blocks-advanced-columns-acfad359\" class=\"wp-block-themeisle-blocks-advanced-columns has-1-columns has-desktop-equal-layout has-tablet-equal-layout has-mobile-equal-layout has-vertical-unset\"><div class=\"wp-block-themeisle-blocks-advanced-columns-overlay\"><\/div><div class=\"innerblocks-wrap\">\n<div id=\"wp-block-themeisle-blocks-advanced-column-7a235621\" class=\"wp-block-themeisle-blocks-advanced-column has-dark-bg\"><\/div>\n<\/div><\/div>\n\n\n\n<h5 class=\"wp-block-heading has-text-align-left has-white-color has-text-color has-link-color wp-elements-762e30e6c0e3b8a28e475c11686df7f1\" style=\"margin-top:20px;margin-bottom:0\">One step closer to connecting with us<\/h5>\n<\/div>\n<\/div><\/div>\n\n\n\n<h3 class=\"wp-block-heading\" style=\"padding-top:0;padding-right:10px;padding-left:10px\">Registered office \/ Billing information<\/h3>\n\n\n\n<div class=\"wp-block-columns is-layout-flex wp-container-core-columns-is-layout-e29dc686 wp-block-columns-is-layout-flex\" style=\"padding-top:20px;padding-right:10px;padding-left:10px\">\n<div class=\"wp-block-column is-layout-flow wp-block-column-is-layout-flow\">\n<h2 class=\"wp-block-heading\">Spanner SK, k.s.<\/h2>\n\n\n\n<p>Robotnicka 4352<br>017 01 Povazska Bystrica<br>Slovakia<\/p>\n\n\n\n<h4 class=\"wp-block-heading\" style=\"padding-top:20px;padding-bottom:20px\">Tel.: +421 (0)42 285 2701<\/h4>\n\n\n\n<p>E-mail:<\/p>\n\n\n\n<p><a href=\"mailto:spanner@spanner.sk\"><strong>spanner@spanner.sk<\/strong><\/a><\/p>\n\n\n\n<p style=\"padding-top:20px\">Email for billing:<\/p>\n\n\n\n<p><a href=\"mailto:fakturacia@spanner.sk\"><strong>fakturacia@spanner.sk<\/strong><\/a><\/p>\n\n\n\n<h4 class=\"wp-block-heading\" style=\"padding-top:20px\">Contacts for job opportunities:<\/h4>\n\n\n\n<p>E-mail:<a href=\"mailto:kariera@spanner.sk\" target=\"_blank\" rel=\"noreferrer noopener\"><strong>kariera@spanner.sk<\/strong><\/a><\/p>\n\n\n\n<p>Mobil: <strong>+421 917 671 882<\/strong><\/p>\n\n\n\n<div style=\"height:40px\" aria-hidden=\"true\" class=\"wp-block-spacer\"><\/div>\n<\/div>\n\n\n\n<div class=\"wp-block-column is-layout-flow wp-block-column-is-layout-flow\">\n<p style=\"padding-top:10px\">Company ID: 36\u00a0348 287<\/p>\n\n\n\n<p>VAT: SK2022081380<\/p>\n\n\n\n<p><\/p>\n\n\n\n<p style=\"padding-top:20px;padding-bottom:20px\">Company registered in the Commercial Register of the District Court Tren\u010d\u00edn, Section: Sr, File number: 10054\/R<\/p>\n\n\n\n<p>Bank details: VUB banka, a.s., SK14 0200 0000 0045 2752 7851<\/p>\n<\/div>\n<\/div>\n\n\n\n<div class=\"wp-block-columns is-layout-flex wp-container-core-columns-is-layout-28f84493 wp-block-columns-is-layout-flex\">\n<div class=\"wp-block-column is-layout-flow wp-block-column-is-layout-flow\" style=\"padding-top:40px;padding-left:10px\">\n<div class=\"wp-block-group is-nowrap is-layout-flex wp-container-core-group-is-layout-f66f9956 wp-block-group-is-layout-flex\">\n<figure class=\"wp-block-image size-large wp-container-content-d9f67ff0\"><img loading=\"lazy\" decoding=\"async\" width=\"683\" height=\"1024\" src=\"https:\/\/www.spanner.sk\/wp-content\/uploads\/DSC02269-copy_Lisanik-683x1024.jpg\" alt=\"\" class=\"wp-image-4712\"\/><\/figure>\n\n\n\n<div class=\"wp-block-group is-vertical is-layout-flex wp-container-core-group-is-layout-43bda177 wp-block-group-is-layout-flex\" style=\"padding-top:20px;padding-right:30px;padding-bottom:20px;padding-left:30px\">\n<h3 class=\"wp-block-heading\">CEO<\/h3>\n\n\n\n<p><strong>Patrik Li\u0161an\u00edk<\/strong><\/p>\n\n\n\n<p>e-mail: <a href=\"mailto:patrik.lisanik@spanner.sk\">patrik.lisanik@spanner.sk<\/a><\/p>\n<\/div>\n<\/div>\n<\/div>\n\n\n\n<div class=\"wp-block-column is-layout-flow wp-block-column-is-layout-flow\" style=\"padding-top:40px;padding-left:10px\">\n<div class=\"wp-block-group is-nowrap is-layout-flex wp-container-core-group-is-layout-f66f9956 wp-block-group-is-layout-flex\">\n<figure class=\"wp-block-image size-full wp-container-content-d9f67ff0\"><img loading=\"lazy\" decoding=\"async\" width=\"400\" height=\"476\" src=\"https:\/\/www.spanner.sk\/wp-content\/uploads\/22_berakova.jpg\" alt=\"\" class=\"wp-image-1728\"\/><\/figure>\n\n\n\n<div class=\"wp-block-group is-vertical is-layout-flex wp-container-core-group-is-layout-43bda177 wp-block-group-is-layout-flex\" style=\"padding-top:20px;padding-right:30px;padding-bottom:20px;padding-left:30px\">\n<h3 class=\"wp-block-heading\">HR &#038; Marketing Director<\/h3>\n\n\n\n<p><strong>Ing. Alena Ber\u00e1kov\u00e1, MBA<\/strong><\/p>\n\n\n\n<p>e-mail: <a href=\"mailto:alena.berakova@spanner.sk\">alena.berakova@spanner.sk<\/a><\/p>\n\n\n\n<p>mobil: +421 907 408 092<\/p>\n<\/div>\n<\/div>\n<\/div>\n<\/div>\n\n\n\n<div class=\"wp-block-columns is-layout-flex wp-container-core-columns-is-layout-70457ddf wp-block-columns-is-layout-flex\" style=\"padding-top:0px\">\n<div class=\"wp-block-column is-layout-flow wp-block-column-is-layout-flow\" style=\"padding-top:40px;padding-left:10px\">\n<div class=\"wp-block-group is-nowrap is-layout-flex wp-container-core-group-is-layout-f66f9956 wp-block-group-is-layout-flex\">\n<figure class=\"wp-block-image size-full wp-container-content-d9f67ff0\"><img loading=\"lazy\" decoding=\"async\" width=\"400\" height=\"476\" src=\"https:\/\/www.spanner.sk\/wp-content\/uploads\/22_kvasnovsky.jpg\" alt=\"\" class=\"wp-image-1730\"\/><\/figure>\n\n\n\n<div class=\"wp-block-group is-vertical is-layout-flex wp-container-core-group-is-layout-43bda177 wp-block-group-is-layout-flex\" style=\"padding-top:20px;padding-right:30px;padding-bottom:20px;padding-left:30px\">\n<h3 class=\"wp-block-heading\">Production Director<\/h3>\n\n\n\n<p><strong>Ing. Rudolf Kva\u0161\u0148ovsk\u00fd<\/strong><\/p>\n\n\n\n<p>e-mail: <a href=\"mailto:rudolf.kvasnovsky@spanner.sk\">rudolf.kvasnovsky@spanner.sk<\/a><\/p>\n<\/div>\n<\/div>\n<\/div>\n\n\n\n<div class=\"wp-block-column is-layout-flow wp-block-column-is-layout-flow\" style=\"padding-top:40px;padding-left:10px\">\n<div class=\"wp-block-group is-nowrap is-layout-flex wp-container-core-group-is-layout-f66f9956 wp-block-group-is-layout-flex\">\n<figure class=\"wp-block-image size-full wp-container-content-d9f67ff0\"><img loading=\"lazy\" decoding=\"async\" width=\"400\" height=\"476\" src=\"https:\/\/www.spanner.sk\/wp-content\/uploads\/22_smatana.jpg\" alt=\"\" class=\"wp-image-1733\"\/><\/figure>\n\n\n\n<div class=\"wp-block-group is-vertical is-layout-flex wp-container-core-group-is-layout-43bda177 wp-block-group-is-layout-flex\" style=\"padding-top:20px;padding-right:30px;padding-bottom:20px;padding-left:30px\">\n<h3 class=\"wp-block-heading\">Head of Technical department<\/h3>\n\n\n\n<p><strong>Ing. Daniel Smatana<\/strong><\/p>\n\n\n\n<p>e-mail: <a href=\"mailto:daniel.smatana@spanner.sk\">daniel.smatana@spanner.sk<\/a><\/p>\n<\/div>\n<\/div>\n<\/div>\n<\/div>\n\n\n\n<div class=\"wp-block-columns is-layout-flex wp-container-core-columns-is-layout-70457ddf wp-block-columns-is-layout-flex\" style=\"padding-top:0px\">\n<div class=\"wp-block-column is-layout-flow wp-block-column-is-layout-flow\" style=\"padding-top:40px;padding-left:10px\">\n<div class=\"wp-block-group is-nowrap is-layout-flex wp-container-core-group-is-layout-f66f9956 wp-block-group-is-layout-flex\">\n<figure class=\"wp-block-image size-full wp-container-content-d9f67ff0\"><img loading=\"lazy\" decoding=\"async\" width=\"400\" height=\"476\" src=\"https:\/\/www.spanner.sk\/wp-content\/uploads\/22_smith.jpg\" alt=\"\" class=\"wp-image-1734\"\/><\/figure>\n\n\n\n<div class=\"wp-block-group is-vertical is-layout-flex wp-container-core-group-is-layout-43bda177 wp-block-group-is-layout-flex\" style=\"padding-top:20px;padding-right:30px;padding-bottom:20px;padding-left:30px\">\n<h3 class=\"wp-block-heading\">Sales Manager<\/h3>\n\n\n\n<p><strong>Wayne Smith<\/strong><\/p>\n\n\n\n<p>e-mail: <a href=\"mailto:wayne.smith@spanner.sk\">wayne.smith@spanner.sk<\/a><\/p>\n\n\n\n<p>mobil: +421 908 945 685<\/p>\n<\/div>\n<\/div>\n<\/div>\n\n\n\n<div class=\"wp-block-column is-layout-flow wp-block-column-is-layout-flow\" style=\"padding-top:40px\"><\/div>\n<\/div>\n\n\n\n<div class=\"wp-block-group alignfull is-layout-flow wp-block-group-is-layout-flow\" style=\"padding-top:80px\">\n<iframe src=\"https:\/\/www.google.com\/maps\/embed?pb=!1m18!1m12!1m3!1d2611.019017551216!2d18.41435431539692!3d49.12427397931442!2m3!1f0!2f0!3f0!3m2!1i1024!2i768!4f13.1!3m3!1m2!1s0x47148947b2fd436d%3A0xf3523d618bebafd5!2sSPANNER%20SK!5e0!3m2!1ssk!2ssk!4v1589193222048!5m2!1ssk!2ssk\" style=\"width:100%;height:550px;border:none;display:block\" frameborder=\"0\" allowfullscreen=\"\"><\/iframe>\n<\/div>\n","protected":false},"excerpt":{"rendered":"<p>Registered office \/ Billing information Spanner SK, k.s. Robotnicka 4352017 01 Povazska BystricaSlovakia Tel.: +421 (0)42 285 2701 E-mail: spanner@spanner.sk Email for billing: fakturacia@spanner.sk Contacts for job opportunities: E-mail:kariera@spanner.sk Mobil: +421 917 671 882 Company ID: 36\u00a0348 287 VAT: SK2022081380 Company registered in the Commercial Register of the District Court Tren\u010d\u00edn, Section: Sr, File number: [&hellip;]<\/p>\n","protected":false},"author":2,"featured_media":0,"parent":0,"menu_order":0,"comment_status":"closed","ping_status":"closed","template":"page-quatro","meta":{"_acf_changed":false,"_themeisle_gutenberg_block_has_review":false,"footnotes":""},"class_list":["post-4661","page","type-page","status-publish","hentry"],"acf":[],"_links":{"self":[{"href":"https:\/\/www.spanner.sk\/en\/wp-json\/wp\/v2\/pages\/4661","targetHints":{"allow":["GET"]}}],"collection":[{"href":"https:\/\/www.spanner.sk\/en\/wp-json\/wp\/v2\/pages"}],"about":[{"href":"https:\/\/www.spanner.sk\/en\/wp-json\/wp\/v2\/types\/page"}],"author":[{"embeddable":true,"href":"https:\/\/www.spanner.sk\/en\/wp-json\/wp\/v2\/users\/2"}],"replies":[{"embeddable":true,"href":"https:\/\/www.spanner.sk\/en\/wp-json\/wp\/v2\/comments?post=4661"}],"version-history":[{"count":59,"href":"https:\/\/www.spanner.sk\/en\/wp-json\/wp\/v2\/pages\/4661\/revisions"}],"predecessor-version":[{"id":5017,"href":"https:\/\/www.spanner.sk\/en\/wp-json\/wp\/v2\/pages\/4661\/revisions\/5017"}],"wp:attachment":[{"href":"https:\/\/www.spanner.sk\/en\/wp-json\/wp\/v2\/media?parent=4661"}],"curies":[{"name":"wp","href":"https:\/\/api.w.org\/{rel}","templated":true}]}}