{"id":4437,"date":"2026-04-15T13:07:18","date_gmt":"2026-04-15T11:07:18","guid":{"rendered":"https:\/\/www.spanner.sk\/aktuality2\/"},"modified":"2026-04-15T13:17:29","modified_gmt":"2026-04-15T11:17:29","slug":"aktuality2","status":"publish","type":"page","link":"https:\/\/www.spanner.sk\/en\/aktuality2\/","title":{"rendered":"Aktuality2"},"content":{"rendered":"\n<div id=\"wp-block-themeisle-blocks-advanced-columns-05190169\" class=\"wp-block-themeisle-blocks-advanced-columns alignfull has-1-columns has-desktop-equal-layout has-tablet-equal-layout has-mobile-equal-layout has-vertical-center\"><div class=\"wp-block-themeisle-blocks-advanced-columns-overlay\"><\/div><div class=\"innerblocks-wrap\">\n<div id=\"wp-block-themeisle-blocks-advanced-column-82170349\" class=\"wp-block-themeisle-blocks-advanced-column\">\n<h1 class=\"wp-block-heading has-text-align-left has-white-color has-text-color has-link-color wp-elements-264e809541f6026983871e8277890b6d\" style=\"margin-top:0;margin-bottom:5px;padding-top:0;padding-right:0;padding-bottom:0;padding-left:0\">aktuality<\/h1>\n\n\n\n<div id=\"wp-block-themeisle-blocks-advanced-columns-acfad359\" class=\"wp-block-themeisle-blocks-advanced-columns has-1-columns has-desktop-equal-layout has-tablet-equal-layout has-mobile-equal-layout has-vertical-unset\"><div class=\"wp-block-themeisle-blocks-advanced-columns-overlay\"><\/div><div class=\"innerblocks-wrap\">\n<div id=\"wp-block-themeisle-blocks-advanced-column-7a235621\" class=\"wp-block-themeisle-blocks-advanced-column has-dark-bg\"><\/div>\n<\/div><\/div>\n\n\n\n<h5 class=\"wp-block-heading has-text-align-left has-white-color has-text-color has-link-color wp-elements-04311c7f8185b75590514ce608ef4290\" style=\"margin-top:20px;margin-bottom:0\">\u010co je u n\u00e1s nov\u00e9<\/h5>\n<\/div>\n<\/div><\/div>\n\n\n\n<div id=\"wp-block-themeisle-blocks-advanced-columns-2be8a690\" class=\"wp-block-themeisle-blocks-advanced-columns has-1-columns has-desktop-equal-layout has-tablet-equal-layout has-mobile-equal-layout has-vertical-unset\"><div class=\"wp-block-themeisle-blocks-advanced-columns-overlay\"><\/div><div class=\"innerblocks-wrap\">\n<div id=\"wp-block-themeisle-blocks-advanced-column-40c42ddd\" class=\"wp-block-themeisle-blocks-advanced-column\"><div class=\" is-style-boxed wp-block-themeisle-blocks-posts-grid\" id=\"wp-block-themeisle-blocks-posts-grid-32d5180a\"><div class=\"is-list\"><div class=\"o-posts-grid-post-blog o-posts-grid-post-plain\"><div class=\"o-posts-grid-post\"><div class=\"o-posts-grid-post-image\"><a href=\"https:\/\/www.spanner.sk\/en\/aktuality\/stretnutie-obchodnych-partnerov\/\"><img loading=\"lazy\" decoding=\"async\" width=\"1024\" height=\"683\" src=\"https:\/\/www.spanner.sk\/wp-content\/uploads\/DSC04831-1024x683.jpg\" class=\"attachment-medium size-medium\" alt=\"Business Partners meeting\" \/><\/a><\/div><div class=\"o-posts-grid-post-body\"><p class=\"o-posts-grid-post-meta\">Posted on <time datetime=\"2025-10-14T08:07:54+02:00\">14. 10. 2025<\/time> <\/p><h4 class=\"o-posts-grid-post-title\"><a href=\"https:\/\/www.spanner.sk\/en\/aktuality\/stretnutie-obchodnych-partnerov\/\">Business Partners meeting<\/a><\/h4><div class=\"o-posts-grid-post-description\"><p>We are grateful that thanks to the support and cooperation with our business partners, we can build \u2026<\/p><\/div><\/div><\/div><\/div><div class=\"o-posts-grid-post-blog o-posts-grid-post-plain\"><div class=\"o-posts-grid-post\"><div class=\"o-posts-grid-post-image\"><a href=\"https:\/\/www.spanner.sk\/en\/aktuality\/spanner-sk-20-vyrocie\/\"><img loading=\"lazy\" decoding=\"async\" width=\"1024\" height=\"768\" src=\"https:\/\/www.spanner.sk\/wp-content\/uploads\/IMG_7567-1024x768.jpg\" class=\"attachment-medium size-medium\" alt=\"SPANNER SK &#8211; 20th anniversary\" \/><\/a><\/div><div class=\"o-posts-grid-post-body\"><p class=\"o-posts-grid-post-meta\">Posted on <time datetime=\"2025-09-28T07:53:27+02:00\">28. 09. 2025<\/time> <\/p><h4 class=\"o-posts-grid-post-title\"><a href=\"https:\/\/www.spanner.sk\/en\/aktuality\/spanner-sk-20-vyrocie\/\">SPANNER SK &#8211; 20th anniversary<\/a><\/h4><div class=\"o-posts-grid-post-description\"><p>We would like to thank all our colleagues for being able to celebrate our important milestone togeth\u2026<\/p><\/div><\/div><\/div><\/div><div class=\"o-posts-grid-post-blog o-posts-grid-post-plain\"><div class=\"o-posts-grid-post\"><div class=\"o-posts-grid-post-image\"><a href=\"https:\/\/www.spanner.sk\/en\/aktuality\/do-prace-na-bicykli-2025\/\"><img loading=\"lazy\" decoding=\"async\" width=\"1024\" height=\"545\" src=\"https:\/\/www.spanner.sk\/wp-content\/uploads\/IMG_4894-scaled-e1761634096434-1024x545.jpg\" class=\"attachment-medium size-medium\" alt=\"To work by bike 2025\" \/><\/a><\/div><div class=\"o-posts-grid-post-body\"><p class=\"o-posts-grid-post-meta\">Posted on <time datetime=\"2025-07-11T07:44:34+02:00\">11. 07. 2025<\/time> <\/p><h4 class=\"o-posts-grid-post-title\"><a href=\"https:\/\/www.spanner.sk\/en\/aktuality\/do-prace-na-bicykli-2025\/\">To work by bike 2025<\/a><\/h4><div class=\"o-posts-grid-post-description\"><p>\ud83d\udeb4 We heartily congratulate all our Spanner\u00b4s teams for participating in the &quot;Bicycle to Work&quot; campai\u2026<\/p><\/div><\/div><\/div><\/div><div class=\"o-posts-grid-post-blog o-posts-grid-post-plain\"><div class=\"o-posts-grid-post\"><div class=\"o-posts-grid-post-image\"><a href=\"https:\/\/www.spanner.sk\/en\/aktuality\/vereda-night-run-2025\/\"><img loading=\"lazy\" decoding=\"async\" width=\"768\" height=\"1024\" src=\"https:\/\/www.spanner.sk\/wp-content\/uploads\/IMG_1227-768x1024.jpeg\" class=\"attachment-medium size-medium\" alt=\"Vereda Night Run 2025\" \/><\/a><\/div><div class=\"o-posts-grid-post-body\"><p class=\"o-posts-grid-post-meta\">Posted on <time datetime=\"2025-05-19T10:07:13+02:00\">19. 05. 2025<\/time> <\/p><h4 class=\"o-posts-grid-post-title\"><a href=\"https:\/\/www.spanner.sk\/en\/aktuality\/vereda-night-run-2025\/\">Vereda Night Run 2025<\/a><\/h4><div class=\"o-posts-grid-post-description\"><p>Thank you and congratulations to our team who represented us wonderfully at the VEREDA NIGHT RUN eve\u2026<\/p><\/div><\/div><\/div><\/div><div class=\"o-posts-grid-post-blog o-posts-grid-post-plain\"><div class=\"o-posts-grid-post\"><div class=\"o-posts-grid-post-image\"><a href=\"https:\/\/www.spanner.sk\/en\/aktuality\/mechatronicky-sustruh-romi-c420\/\"><img loading=\"lazy\" decoding=\"async\" width=\"1024\" height=\"768\" src=\"https:\/\/www.spanner.sk\/wp-content\/uploads\/IMG_4335-1024x768.jpg\" class=\"attachment-medium size-medium\" alt=\"ROMI C420 mechatronic lathe\" \/><\/a><\/div><div class=\"o-posts-grid-post-body\"><p class=\"o-posts-grid-post-meta\">Posted on <time datetime=\"2025-04-23T10:02:16+02:00\">23. 04. 2025<\/time> <\/p><h4 class=\"o-posts-grid-post-title\"><a href=\"https:\/\/www.spanner.sk\/en\/aktuality\/mechatronicky-sustruh-romi-c420\/\">ROMI C420 mechatronic lathe<\/a><\/h4><div class=\"o-posts-grid-post-description\"><p>We have added a ROMI C420 mechatronic lathe to our machining department, which will allow us to mach\u2026<\/p><\/div><\/div><\/div><\/div><div class=\"o-posts-grid-post-blog o-posts-grid-post-plain\"><div class=\"o-posts-grid-post\"><div class=\"o-posts-grid-post-image\"><a href=\"https:\/\/www.spanner.sk\/en\/aktuality\/nove-laserove-rezacie-centrum-trumpf-trulaser-3030-fiber\/\"><img loading=\"lazy\" decoding=\"async\" width=\"1024\" height=\"768\" src=\"https:\/\/www.spanner.sk\/wp-content\/uploads\/IMG_4332-1024x768.jpg\" class=\"attachment-medium size-medium\" alt=\"New Laser Cutting Center &#8211; TRUMPF TruLaser 3030 fiber\" \/><\/a><\/div><div class=\"o-posts-grid-post-body\"><p class=\"o-posts-grid-post-meta\">Posted on <time datetime=\"2025-03-21T09:53:07+01:00\">21. 03. 2025<\/time> <\/p><h4 class=\"o-posts-grid-post-title\"><a href=\"https:\/\/www.spanner.sk\/en\/aktuality\/nove-laserove-rezacie-centrum-trumpf-trulaser-3030-fiber\/\">New Laser Cutting Center &#8211; TRUMPF TruLaser 3030 fiber<\/a><\/h4><div class=\"o-posts-grid-post-description\"><p>Thanks to our long-time partner, TRUMPF Slovakia, we have modernized and replaced our machinery in t\u2026<\/p><\/div><\/div><\/div><\/div><div class=\"o-posts-grid-post-blog o-posts-grid-post-plain\"><div class=\"o-posts-grid-post\"><div class=\"o-posts-grid-post-image\"><a href=\"https:\/\/www.spanner.sk\/en\/aktuality\/medzinarodny-den-zien\/\"><img loading=\"lazy\" decoding=\"async\" width=\"1024\" height=\"768\" src=\"https:\/\/www.spanner.sk\/wp-content\/uploads\/IMG_3815-1024x768.jpg\" class=\"attachment-medium size-medium\" alt=\"International Women&#8217;s Day\" \/><\/a><\/div><div class=\"o-posts-grid-post-body\"><p class=\"o-posts-grid-post-meta\">Posted on <time datetime=\"2025-03-10T09:37:16+01:00\">10. 03. 2025<\/time> <\/p><h4 class=\"o-posts-grid-post-title\"><a href=\"https:\/\/www.spanner.sk\/en\/aktuality\/medzinarodny-den-zien\/\">International Women&#8217;s Day<\/a><\/h4><div class=\"o-posts-grid-post-description\"><p>Dear women, we wish you a beautiful International Women&#039;s Day and also beautiful all other days.<\/p><\/div><\/div><\/div><\/div><div class=\"o-posts-grid-post-blog o-posts-grid-post-plain\"><div class=\"o-posts-grid-post\"><div class=\"o-posts-grid-post-image\"><a href=\"https:\/\/www.spanner.sk\/en\/aktuality\/modernizacia-oddelenia-logistiky\/\"><img loading=\"lazy\" decoding=\"async\" width=\"768\" height=\"1024\" src=\"https:\/\/www.spanner.sk\/wp-content\/uploads\/IMG_4584-768x1024.jpg\" class=\"attachment-medium size-medium\" alt=\"Modernization of the Logistics Department\" \/><\/a><\/div><div class=\"o-posts-grid-post-body\"><p class=\"o-posts-grid-post-meta\">Posted on <time datetime=\"2025-03-04T09:30:41+01:00\">04. 03. 2025<\/time> <\/p><h4 class=\"o-posts-grid-post-title\"><a href=\"https:\/\/www.spanner.sk\/en\/aktuality\/modernizacia-oddelenia-logistiky\/\">Modernization of the Logistics Department<\/a><\/h4><div class=\"o-posts-grid-post-description\"><p>Using the most modern technologies, we are able to keep up with the fast pace of the current era and\u2026<\/p><\/div><\/div><\/div><\/div><div class=\"o-posts-grid-post-blog o-posts-grid-post-plain\"><div class=\"o-posts-grid-post\"><div class=\"o-posts-grid-post-image\"><a href=\"https:\/\/www.spanner.sk\/en\/aktuality\/20-rokov-na-trhu\/\"><img loading=\"lazy\" decoding=\"async\" width=\"1024\" height=\"768\" src=\"https:\/\/www.spanner.sk\/wp-content\/uploads\/DJI_0128-Enhanced-copy-1024x768.jpg\" class=\"attachment-medium size-medium\" alt=\"20 years on the market\" \/><\/a><\/div><div class=\"o-posts-grid-post-body\"><p class=\"o-posts-grid-post-meta\">Posted on <time datetime=\"2025-02-21T09:16:19+01:00\">21. 02. 2025<\/time> <\/p><h4 class=\"o-posts-grid-post-title\"><a href=\"https:\/\/www.spanner.sk\/en\/aktuality\/20-rokov-na-trhu\/\">20 years on the market<\/a><\/h4><div class=\"o-posts-grid-post-description\"><p>This year is our 20th year of operation in the mechanical engineering market.<\/p><\/div><\/div><\/div><\/div><div class=\"o-posts-grid-post-blog o-posts-grid-post-plain\"><div class=\"o-posts-grid-post\"><div class=\"o-posts-grid-post-image\"><a href=\"https:\/\/www.spanner.sk\/en\/aktuality\/nas-rok-2024\/\"><img loading=\"lazy\" decoding=\"async\" width=\"1024\" height=\"1024\" src=\"https:\/\/www.spanner.sk\/wp-content\/uploads\/FB_IG_9.1.2025new-1024x1024.jpg\" class=\"attachment-medium size-medium\" alt=\"Our year 2024\" \/><\/a><\/div><div class=\"o-posts-grid-post-body\"><p class=\"o-posts-grid-post-meta\">Posted on <time datetime=\"2025-01-15T13:43:48+01:00\">15. 01. 2025<\/time> <\/p><h4 class=\"o-posts-grid-post-title\"><a href=\"https:\/\/www.spanner.sk\/en\/aktuality\/nas-rok-2024\/\">Our year 2024<\/a><\/h4><div class=\"o-posts-grid-post-description\"><p>Last year brought us new opportunities and projects. We achieved many goals, although not everything\u2026<\/p><\/div><\/div><\/div><\/div><\/div> <div class=\"o-posts-grid-pag\"><span aria-current=\"page\" class=\"page-numbers current\">1<\/span>\n<a class=\"page-numbers\" href=\"https:\/\/www.spanner.sk\/en\/wp-json\/wp\/v2\/pages\/4437\/?paged=2\">2<\/a>\n<a class=\"page-numbers\" href=\"https:\/\/www.spanner.sk\/en\/wp-json\/wp\/v2\/pages\/4437\/?paged=3\">3<\/a>\n<span class=\"page-numbers dots\">&hellip;<\/span>\n<a class=\"page-numbers\" href=\"https:\/\/www.spanner.sk\/en\/wp-json\/wp\/v2\/pages\/4437\/?paged=6\">6<\/a>\n<a class=\"next page-numbers\" href=\"https:\/\/www.spanner.sk\/en\/wp-json\/wp\/v2\/pages\/4437\/?paged=2\">Next<\/a><\/div><\/div><\/div>\n<\/div><\/div>\n","protected":false},"excerpt":{"rendered":"","protected":false},"author":2,"featured_media":0,"parent":0,"menu_order":0,"comment_status":"closed","ping_status":"closed","template":"page-quatro","meta":{"_acf_changed":false,"_themeisle_gutenberg_block_has_review":false,"footnotes":""},"class_list":["post-4437","page","type-page","status-publish","hentry"],"acf":[],"_links":{"self":[{"href":"https:\/\/www.spanner.sk\/en\/wp-json\/wp\/v2\/pages\/4437","targetHints":{"allow":["GET"]}}],"collection":[{"href":"https:\/\/www.spanner.sk\/en\/wp-json\/wp\/v2\/pages"}],"about":[{"href":"https:\/\/www.spanner.sk\/en\/wp-json\/wp\/v2\/types\/page"}],"author":[{"embeddable":true,"href":"https:\/\/www.spanner.sk\/en\/wp-json\/wp\/v2\/users\/2"}],"replies":[{"embeddable":true,"href":"https:\/\/www.spanner.sk\/en\/wp-json\/wp\/v2\/comments?post=4437"}],"version-history":[{"count":9,"href":"https:\/\/www.spanner.sk\/en\/wp-json\/wp\/v2\/pages\/4437\/revisions"}],"predecessor-version":[{"id":4450,"href":"https:\/\/www.spanner.sk\/en\/wp-json\/wp\/v2\/pages\/4437\/revisions\/4450"}],"wp:attachment":[{"href":"https:\/\/www.spanner.sk\/en\/wp-json\/wp\/v2\/media?parent=4437"}],"curies":[{"name":"wp","href":"https:\/\/api.w.org\/{rel}","templated":true}]}}