{"id":204,"date":"2020-05-12T09:39:46","date_gmt":"2020-05-12T07:39:46","guid":{"rendered":"http:\/\/spanner.uweb.sk\/en\/?page_id=204"},"modified":"2022-05-26T15:15:49","modified_gmt":"2022-05-26T13:15:49","slug":"covid-product","status":"publish","type":"page","link":"https:\/\/www.spanner.sk\/en\/produkty-spanner-sk\/covid-product\/","title":{"rendered":"Disinfection Gate Spanner SK"},"content":{"rendered":"<h1>An innovative solution designed for contactless disinfection of people<\/h1>\n<div id='gallery-1' class='gallery galleryid-204 gallery-columns-3 gallery-size-medium'><figure class='gallery-item'>\r\n\t\t\t<div class='gallery-icon portrait'>\r\n\t\t\t\t<a href='https:\/\/www.spanner.sk\/wp-content\/uploads\/DSC02537-copy-2.jpg'><img loading=\"lazy\" decoding=\"async\" width=\"683\" height=\"1024\" src=\"https:\/\/www.spanner.sk\/wp-content\/uploads\/DSC02537-copy-2-683x1024.jpg\" class=\"attachment-medium size-medium\" alt=\"Spanner SK disinfection gates with built-in contactless height sensors use nozzles to disperse the disinfectant in the form of a fine mist on people passing through these gates.\" \/><\/a>\r\n\t\t\t<\/div><\/figure><figure class='gallery-item'>\r\n\t\t\t<div class='gallery-icon portrait'>\r\n\t\t\t\t<a href='https:\/\/www.spanner.sk\/wp-content\/uploads\/DSC02630-copy.jpg'><img loading=\"lazy\" decoding=\"async\" width=\"683\" height=\"1024\" src=\"https:\/\/www.spanner.sk\/wp-content\/uploads\/DSC02630-copy-683x1024.jpg\" class=\"attachment-medium size-medium\" alt=\"Disinfection gates can be installed in the entrance areas to buildings, offices, production plants, retail chains, medical or various other facilities, simply wherever it is necessary to disinfect a large number of people in a short time.\" \/><\/a>\r\n\t\t\t<\/div><\/figure><figure class='gallery-item'>\r\n\t\t\t<div class='gallery-icon portrait'>\r\n\t\t\t\t<a href='https:\/\/www.spanner.sk\/wp-content\/uploads\/DSC02593-copy.jpg'><img loading=\"lazy\" decoding=\"async\" width=\"683\" height=\"1024\" src=\"https:\/\/www.spanner.sk\/wp-content\/uploads\/DSC02593-copy-683x1024.jpg\" class=\"attachment-medium size-medium\" alt=\"Spanner SK disinfection gate installed in the entrance area of our customer.\" \/><\/a>\r\n\t\t\t<\/div><\/figure><\/div>\n\n<p>&nbsp;<\/p>\n<h2>PREVENTION \u2022 SAFETY \u2022 QUALITY \u2022 EFFICIENCY \u2022 VARIABILITY<\/h2>\n<p>&nbsp;<\/p>\n<p>We are aware of the value of human health and the importance of preventive hygiene measures, especially in the long term. We bring an innovative solution designed for contactless disinfection of people.<\/p>\n<p>Spanner SK disinfection gates, with built-in contactless height sensors, use nozzles to disperse the disinfectant in the form of a fine mist on people passing through these gates. They can be installed in the entrance areas of buildings, offices, production plants, retail chains, medical or various other facilities, simply wherever it is necessary to disinfect a large number of people in a short time.<\/p>\n<p>Thanks to a specific disinfectant, desinfection gates can be installed outdoors or indoors. As the disinfectant does not contain alcohol, if the disinfectant gate is used in the winter months (at outside temperatures below freezing), it is necessary to place the device in the entrance hall of the building interior for proper operation.<\/p>\n<p>The disinfection gate consists of an entrance and an output with a width of 816 mm. When people entering the gate area, the non-contact sensor automatically starts the disinfection process, during which disinfectant is applied to the person in the gate area, with the help of 8 nozzles. One integrated nozzle in the gate area is used to disinfect hands. Persons enter the defined area individually and remain in it for about 5 seconds (the time of one disinfection cycle can be set using a timer). They then leave the gate area and the disinfection process is completed.<\/p>\n<p>The disinfection gate does not guarantee perfect protection against the virus. It is a part of the way to reduce the risk of transmitting infection.<\/p>\n<div id='gallery-2' class='gallery galleryid-204 gallery-columns-3 gallery-size-medium'><figure class='gallery-item'>\r\n\t\t\t<div class='gallery-icon landscape'>\r\n\t\t\t\t<a href='https:\/\/www.spanner.sk\/wp-content\/uploads\/DSC02475-copy.jpg'><img loading=\"lazy\" decoding=\"async\" width=\"1024\" height=\"683\" src=\"https:\/\/www.spanner.sk\/wp-content\/uploads\/DSC02475-copy-1024x683.jpg\" class=\"attachment-medium size-medium\" alt=\"There is a separate built-in nozzle for hand disinfection in the disinfection gate.\" \/><\/a>\r\n\t\t\t<\/div><\/figure><figure class='gallery-item'>\r\n\t\t\t<div class='gallery-icon landscape'>\r\n\t\t\t\t<a href='https:\/\/www.spanner.sk\/wp-content\/uploads\/DSC02485-copy.jpg'><img loading=\"lazy\" decoding=\"async\" width=\"1024\" height=\"683\" src=\"https:\/\/www.spanner.sk\/wp-content\/uploads\/DSC02485-copy-1024x683.jpg\" class=\"attachment-medium size-medium\" alt=\"One integrated nozzle in the gate area is used to disinfect hands.\" \/><\/a>\r\n\t\t\t<\/div><\/figure><figure class='gallery-item'>\r\n\t\t\t<div class='gallery-icon landscape'>\r\n\t\t\t\t<a href='https:\/\/www.spanner.sk\/wp-content\/uploads\/DSC02612-copy.jpg'><img loading=\"lazy\" decoding=\"async\" width=\"1024\" height=\"683\" src=\"https:\/\/www.spanner.sk\/wp-content\/uploads\/DSC02612-copy-1024x683.jpg\" class=\"attachment-medium size-medium\" alt=\"When entering the gate area, the contactless sensor automatically starts the disinfection process, during which disinfectant is applied to the person in the gate area with the help of 8 nozzles. One integrated nozzle in the gate area is used to disinfect hands.\" \/><\/a>\r\n\t\t\t<\/div><\/figure><figure class='gallery-item'>\r\n\t\t\t<div class='gallery-icon landscape'>\r\n\t\t\t\t<a href='https:\/\/www.spanner.sk\/wp-content\/uploads\/DSC02488-copy.jpg'><img loading=\"lazy\" decoding=\"async\" width=\"1024\" height=\"683\" src=\"https:\/\/www.spanner.sk\/wp-content\/uploads\/DSC02488-copy-1024x683.jpg\" class=\"attachment-medium size-medium\" alt=\"The anti-slip floor in the area of the disinfection gate increases safety during its use.\" \/><\/a>\r\n\t\t\t<\/div><\/figure><figure class='gallery-item'>\r\n\t\t\t<div class='gallery-icon landscape'>\r\n\t\t\t\t<a href='https:\/\/www.spanner.sk\/wp-content\/uploads\/DSC02484-copy.jpg'><img loading=\"lazy\" decoding=\"async\" width=\"1024\" height=\"683\" src=\"https:\/\/www.spanner.sk\/wp-content\/uploads\/DSC02484-copy-1024x683.jpg\" class=\"attachment-medium size-medium\" alt=\"Contactless sensors are located at two different heights to identify the height of the person entering. The disinfectant is not applied to a person&#039;s face.\" \/><\/a>\r\n\t\t\t<\/div><\/figure><figure class='gallery-item'>\r\n\t\t\t<div class='gallery-icon landscape'>\r\n\t\t\t\t<a href='https:\/\/www.spanner.sk\/wp-content\/uploads\/DSC02491-copy.jpg'><img loading=\"lazy\" decoding=\"async\" width=\"1024\" height=\"683\" src=\"https:\/\/www.spanner.sk\/wp-content\/uploads\/DSC02491-copy-1024x683.jpg\" class=\"attachment-medium size-medium\" alt=\"Persons enter the defined area individually and remain in it for about 5 seconds (the time of one disinfection cycle can be set using a timer). They then leave the gate area and the disinfection process is completed.\" \/><\/a>\r\n\t\t\t<\/div><\/figure><\/div>\n\n<p>&nbsp;<\/p>\n<h2>Main characteristics of the disinfection gate<\/h2>\n<ul>\n<li>Fast and contactless disinfection<\/li>\n<li>Fully automated solution<\/li>\n<li>Prevention against viruses and bacteria<\/li>\n<li>CE Certification<\/li>\n<li>Made of stainless steel<\/li>\n<li>Easy installation and maintenance<\/li>\n<li>Optimal dosage of disinfection<\/li>\n<li>Contactless height sensors<\/li>\n<li>9 nozzles for disinfectant application<\/li>\n<li>Signaling the need for additional disinfection<\/li>\n<li>Light signaling of the ongoing disinfection process<\/li>\n<li>Possibility of placement outdoors and indoors<\/li>\n<li>Possibility of individualization<\/li>\n<\/ul>\n<h2><strong>Technical specification <\/strong>of the disinfection gate<\/h2>\n<ul>\n<li>Dimensions (h x w x d): 1656 x 1510 x 1598 mm<\/li>\n<li>Entry width: 816 mm<\/li>\n<li>Material: Stainless Steel<\/li>\n<li>Operating pressure: 6 bar<\/li>\n<li>Supply voltage: 230V \/ 50Hz<\/li>\n<li>Power: 0.15 kW<\/li>\n<li>Nozzles: 9 pcs<\/li>\n<li>Disinfection tank: 20 l<\/li>\n<li>Disinfection: alcohol-free<\/li>\n<li>Disinfection consumption: 0.13 &#8211; 0.14 l \/ min<\/li>\n<li>Capacity: approx. 2500 disinfection cycles \/ tank<\/li>\n<li>Weight: 176 kg<\/li>\n<li>Designed for people over 110 cm; in the case of children under the supervision of an adult\n<div id='gallery-3' class='gallery galleryid-204 gallery-columns-3 gallery-size-medium'><figure class='gallery-item'>\r\n\t\t\t<div class='gallery-icon landscape'>\r\n\t\t\t\t<a href='https:\/\/www.spanner.sk\/wp-content\/uploads\/db02.jpg'><img loading=\"lazy\" decoding=\"async\" width=\"586\" height=\"361\" src=\"https:\/\/www.spanner.sk\/wp-content\/uploads\/db02.jpg\" class=\"attachment-medium size-medium\" alt=\"Grafick\u00e1 vizualiz\u00e1cia dezinfek\u010dnej br\u00e1ny\" \/><\/a>\r\n\t\t\t<\/div><\/figure><figure class='gallery-item'>\r\n\t\t\t<div class='gallery-icon landscape'>\r\n\t\t\t\t<a href='https:\/\/www.spanner.sk\/wp-content\/uploads\/db01.jpg'><img loading=\"lazy\" decoding=\"async\" width=\"644\" height=\"299\" src=\"https:\/\/www.spanner.sk\/wp-content\/uploads\/db01.jpg\" class=\"attachment-medium size-medium\" alt=\"Rozmery dezinfek\u010dnej br\u00e1ny Spanner SK\" \/><\/a>\r\n\t\t\t<\/div><\/figure><figure class='gallery-item'>\r\n\t\t\t<div class='gallery-icon portrait'>\r\n\t\t\t\t<a href='https:\/\/www.spanner.sk\/wp-content\/uploads\/db03.jpg'><img loading=\"lazy\" decoding=\"async\" width=\"347\" height=\"406\" src=\"https:\/\/www.spanner.sk\/wp-content\/uploads\/db03.jpg\" class=\"attachment-medium size-medium\" alt=\"Rozmery - \u0161\u00edrka a h\u013abka dezinfek\u010dnej br\u00e1ny Spanner SK\" \/><\/a>\r\n\t\t\t<\/div><\/figure><\/div>\n\n<\/li>\n<\/ul>\n<p>&nbsp;<\/p>\n<h3>If you are interested in more information, contact us at <a href=\"mailto:sales@spanner.sk\" target=\"_blank\" rel=\"noopener noreferrer\">sales@spanner.sk<\/a>.<\/h3>\n<p>&nbsp;<\/p>\n<h2><strong>Wrote about us<\/strong><\/h2>\n<p>Podnikajte.sk: <a href=\"https:\/\/www.podnikajte.sk\/informacne-technologie\/spanner-dezinfekcne-brany\" target=\"_blank\" rel=\"noopener noreferrer\">Inovat\u00edvny n\u00e1pad z dielne SPANNER SK- dezinfek\u010dn\u00e9 br\u00e1ny m\u00f4\u017eu pom\u00f4c\u0165 mnoh\u00fdm firm\u00e1m<\/a><\/p>\n<p>Startitup.sk: <a href=\"https:\/\/www.startitup.sk\/slovenska-firma-vyvinula-specialne-dezinfekcne-brany-proti-pandemii-koronavirusu-jednu-daruju-aj-nemocnici\/\" target=\"_blank\" rel=\"noopener noreferrer\">Slovensk\u00e1 firma vyvinula \u0161peci\u00e1lne dezinfek\u010dn\u00e9 br\u00e1ny proti pand\u00e9mii koronav\u00edrusu, jednu daruj\u00fa aj nemocnici<\/a><\/p>\n<p>Trend.sk: <a href=\"https:\/\/www.trend.sk\/biznis\/dezinfekcne-brany-spanner-sk-pomoc-prevenciou-proti-koronavirusu\" target=\"_blank\" rel=\"noopener noreferrer\">Dezinfek\u010dn\u00e9 br\u00e1ny Spanner SK &#8211; pomoc s prevenciou proti koronav\u00edrusu<\/a><\/p>\n<p>Telev\u00edzna Regina RTVS: <a href=\"https:\/\/www.spanner.sk\/aktuality\/novinka-3\/\" target=\"_blank\" rel=\"noopener noreferrer\">S na\u0161im \u0161t\u00e1bom sme nav\u0161t\u00edvili stroj\u00e1rsku firmu v Pova\u017eskej Bystrici, ktor\u00e1 do v\u00fdroby zaradila aj mont\u00e1\u017e dezinfek\u010dn\u00fdch br\u00e1n<\/a><\/p>\n<p>Trend.sk: <a href=\"https:\/\/www.trend.sk\/spravy\/strojarska-firma-spanner-sk-prinasa-inovacie-investuje-rozvoja-aj-case-koronakrizy\">Stroj\u00e1rska firma Spanner SK prin\u00e1\u0161a inov\u00e1cie a investuje do rozvoja aj v \u010dase koronakr\u00edzy<\/a><\/p>\n","protected":false},"excerpt":{"rendered":"<p>An innovative solution designed for contactless disinfection of people &nbsp; PREVENTION \u2022 SAFETY \u2022 QUALITY \u2022 EFFICIENCY \u2022 VARIABILITY &nbsp; We are aware of the value of human health and the importance of preventive hygiene measures, especially in the long term. We bring an innovative solution designed for contactless disinfection of people. Spanner SK disinfection [&hellip;]<\/p>\n","protected":false},"author":2,"featured_media":0,"parent":812,"menu_order":0,"comment_status":"closed","ping_status":"closed","template":"","meta":{"_acf_changed":false,"_themeisle_gutenberg_block_has_review":false,"footnotes":""},"class_list":["post-204","page","type-page","status-publish","hentry"],"acf":[],"_links":{"self":[{"href":"https:\/\/www.spanner.sk\/en\/wp-json\/wp\/v2\/pages\/204","targetHints":{"allow":["GET"]}}],"collection":[{"href":"https:\/\/www.spanner.sk\/en\/wp-json\/wp\/v2\/pages"}],"about":[{"href":"https:\/\/www.spanner.sk\/en\/wp-json\/wp\/v2\/types\/page"}],"author":[{"embeddable":true,"href":"https:\/\/www.spanner.sk\/en\/wp-json\/wp\/v2\/users\/2"}],"replies":[{"embeddable":true,"href":"https:\/\/www.spanner.sk\/en\/wp-json\/wp\/v2\/comments?post=204"}],"version-history":[{"count":132,"href":"https:\/\/www.spanner.sk\/en\/wp-json\/wp\/v2\/pages\/204\/revisions"}],"predecessor-version":[{"id":1607,"href":"https:\/\/www.spanner.sk\/en\/wp-json\/wp\/v2\/pages\/204\/revisions\/1607"}],"up":[{"embeddable":true,"href":"https:\/\/www.spanner.sk\/en\/wp-json\/wp\/v2\/pages\/812"}],"wp:attachment":[{"href":"https:\/\/www.spanner.sk\/en\/wp-json\/wp\/v2\/media?parent=204"}],"curies":[{"name":"wp","href":"https:\/\/api.w.org\/{rel}","templated":true}]}}