{"id":7,"date":"2020-04-08T13:44:06","date_gmt":"2020-04-08T11:44:06","guid":{"rendered":"http:\/\/spanner.uweb.sk\/?page_id=7"},"modified":"2020-05-18T14:00:21","modified_gmt":"2020-05-18T12:00:21","slug":"vyroba","status":"publish","type":"page","link":"https:\/\/www.spanner.sk\/de\/vyroba\/","title":{"rendered":"Produktion"},"content":{"rendered":"<p>Dank Investitionen in modernere Technologien bieten wir unseren Kunden Komplex-Dienstleistungen. Au\u00dfer der Auftragsfertigung und Kleinserienproduktion stellen wir die Beratung und Produktherstellung einschlie\u00dflich Vorschl\u00e4ge sicher. Unsere Gesellschaft investiert j\u00e4hrlich in neue Technologien und unser moderner Maschinenpark liefert ein gro\u00dfes Spektrum von Einsatzm\u00f6glichkeiten, die auch unsere anspruchsvollsten Kunden befriedigt.<\/p>\n<p>Der ganze Produktionsprozess richtet sich nach DIN ISO 9001:2015 und wird durch modernes ERP System unterst\u00fctzt.<\/p>\n<p>Wir bieten auch unseren eigenen Transport mit dem LKW VW Crafter bis 3,5 t (2,2&#215;4,5&#215;2,3m) an.<\/p>\n<p>&nbsp;<\/p>\n","protected":false},"excerpt":{"rendered":"<p>Dank Investitionen in modernere Technologien bieten wir unseren Kunden Komplex-Dienstleistungen. Au\u00dfer der Auftragsfertigung und Kleinserienproduktion stellen wir die Beratung und Produktherstellung einschlie\u00dflich Vorschl\u00e4ge sicher. Unsere Gesellschaft investiert j\u00e4hrlich in neue Technologien und unser moderner Maschinenpark liefert ein gro\u00dfes Spektrum von Einsatzm\u00f6glichkeiten, die auch unsere anspruchsvollsten Kunden befriedigt. Der ganze Produktionsprozess richtet sich nach DIN ISO [&hellip;]<\/p>\n","protected":false},"author":1,"featured_media":0,"parent":0,"menu_order":0,"comment_status":"closed","ping_status":"closed","template":"","meta":{"_acf_changed":false,"_themeisle_gutenberg_block_has_review":false,"footnotes":""},"class_list":["post-7","page","type-page","status-publish","hentry"],"acf":[],"_links":{"self":[{"href":"https:\/\/www.spanner.sk\/de\/wp-json\/wp\/v2\/pages\/7","targetHints":{"allow":["GET"]}}],"collection":[{"href":"https:\/\/www.spanner.sk\/de\/wp-json\/wp\/v2\/pages"}],"about":[{"href":"https:\/\/www.spanner.sk\/de\/wp-json\/wp\/v2\/types\/page"}],"author":[{"embeddable":true,"href":"https:\/\/www.spanner.sk\/de\/wp-json\/wp\/v2\/users\/1"}],"replies":[{"embeddable":true,"href":"https:\/\/www.spanner.sk\/de\/wp-json\/wp\/v2\/comments?post=7"}],"version-history":[{"count":25,"href":"https:\/\/www.spanner.sk\/de\/wp-json\/wp\/v2\/pages\/7\/revisions"}],"predecessor-version":[{"id":402,"href":"https:\/\/www.spanner.sk\/de\/wp-json\/wp\/v2\/pages\/7\/revisions\/402"}],"wp:attachment":[{"href":"https:\/\/www.spanner.sk\/de\/wp-json\/wp\/v2\/media?parent=7"}],"curies":[{"name":"wp","href":"https:\/\/api.w.org\/{rel}","templated":true}]}}