{"id":4661,"date":"2026-04-17T09:05:48","date_gmt":"2026-04-17T07:05:48","guid":{"rendered":"https:\/\/www.spanner.sk\/skkontaktencontactdekontakte\/"},"modified":"2026-04-19T21:45:18","modified_gmt":"2026-04-19T19:45:18","slug":"contact","status":"publish","type":"page","link":"https:\/\/www.spanner.sk\/de\/contact\/","title":{"rendered":"Kontakte"},"content":{"rendered":"<h4>Sitz \/ Rechnungsdaten<\/h4>\n<div class=\"row\" style=\"padding-bottom: 2em\">\n<div class=\"col-12 col-md-6\"><strong>Spanner SK, k.s.<\/strong><br \/>\nRobotn\u00edcka 4352<br \/>\n017 01 Pova\u017esk\u00e1 Bystrica<br \/>\nSlowakei<\/p>\n<p><strong><strong>Tel.: +421 (0)42 285 2701<\/strong><\/strong><\/p>\n<p>E-Mail:<br \/>\n<strong><strong><strong><a href=\"mailto:spanner@spanner.sk\">spanner@spanner.sk<\/a><\/strong><\/strong><\/strong><\/p>\n<p>E-Mail zur Rechnungsstellung:<br \/>\n<strong><a href=\"mailto:fakturacia@spanner.sk\">fakturacia@spanner.sk<\/a><\/strong><\/p>\n<\/div>\n<div class=\"col-12 col-md-6\">ID: 36 348 287<br \/>\nVAT: SK2022081380<\/p>\n<p>Die Firma ist im Handelsregister des Bezirksgerichts Tren\u010d\u00edn, Abschnitt: Sr, Einlage-Nr .: 10054 \/ R eingetragen.<\/p>\n<p>Bankverbindung: V\u00daB banka, a.s., SK14 0200 0000 0045 2752 7851<\/p>\n<\/div>\n<\/div>\n<p>&nbsp;<\/p>\n<p><!-- CEO row --><\/p>\n<div class=\"row\" style=\"padding-bottom: 2em\">\n<div class=\"col-12 col-md-5 col-lg-2\"><img decoding=\"async\" class=\"alignnone size-full wp-image-221\" src=\"https:\/\/www.spanner.sk\/wp-content\/uploads\/22_lisanik.jpg\" alt=\"\" width=\"150\" \/><\/div>\n<div class=\"col-12 col-md-7 col-lg-4\">\n<h4>CEO<\/h4>\n<p><strong>Patrik Li\u0161an\u00edk<br \/>\n<\/strong>E-Mail: <a href=\"mailto:patrik.lisanik@spanner.sk\">patrik.lisanik@spanner.sk<\/a><\/p>\n<\/div>\n<div class=\"col-12 col-md-5 col-lg-2 \"><img decoding=\"async\" class=\"alignnone size-full wp-image-221\" src=\"https:\/\/www.spanner.sk\/wp-content\/uploads\/22_berakova.jpg\" alt=\"\" width=\"150\" \/><\/div>\n<div class=\"col-12 col-md-7 col-lg-4\">\n<h4>HR &#038; Marketing Manager<\/h4>\n<p><strong>Dipl.-Ing. Alena Ber\u00e1kov\u00e1, MBA<\/strong><br \/>\nE-Mail: <a href=\"mailto:alena.berakova@spanner.sk\">alena.berakova@spanner.sk<\/a><\/p>\n<p>Tel.: +421 907 408 092<\/p>\n<\/div>\n<\/div>\n<p><!-- DIRECTORS row --><\/p>\n<div class=\"row\" style=\"padding-bottom: 2em\">\n<div class=\"col-12 col-md-5 col-lg-2\"><img decoding=\"async\" class=\"alignnone size-full wp-image-221\" src=\"https:\/\/www.spanner.sk\/wp-content\/uploads\/22_kvasnovsky.jpg\" alt=\"\" width=\"150\" \/><\/div>\n<div class=\"col-12 col-md-7 col-lg-4\">\n<h4>Production Director<\/h4>\n<p><strong>Dipl.-Ing. Rudolf Kva\u0161\u0148ovsk\u00fd<\/strong><br \/>\nE-Mail: <a href=\"mailto:rudolf.kvasnovsky@spanner.sk\">rudolf.kvasnovsky@spanner.sk<\/a><\/p>\n<\/div>\n<div class=\"col-12 col-md-5 col-lg-2\"><img decoding=\"async\" class=\"alignnone size-full wp-image-221\" src=\"https:\/\/www.spanner.sk\/wp-content\/uploads\/22_smatana.jpg\" alt=\"\" width=\"150\" \/><\/div>\n<div class=\"col-12 col-md-7 col-lg-4\">\n<h4>Head of Technical department<\/h4>\n<p><strong>Dipl.-Ing. Daniel Smatana<br \/>\n<\/strong>E-Mail: <a href=\"mailto:daniel.smatana@spanner.sk\">daniel.smatana@spanner.sk<\/a><\/p>\n<\/div>\n<\/div>\n<div class=\"row\" style=\"padding-bottom: 2em\">\n<div class=\"col-12 col-md-5 col-lg-2\"><img decoding=\"async\" class=\"alignnone size-full wp-image-221\" src=\"https:\/\/www.spanner.sk\/wp-content\/uploads\/22_smith.jpg\" alt=\"\" width=\"150\" \/><\/div>\n<div class=\"col-12 col-md-7 col-lg-4\">\n<h4>Sales Manager<\/h4>\n<p><strong>Wayne Smith<br \/>\n<\/strong>E-Mail: <a href=\"mailto:wayne.smith@spanner.sk\">wayne.smith@spanner.sk<\/a><\/p>\n<p>Tel.: +421 908 945 685<\/p>\n<\/div>\n<\/div>\n<p><!-- CEO row (for mobile)\n\n\n\n\n\n\n\n\n\n\n\n<div class=\"row d-flex d-lg-none\" style=\"padding-bottom: 2em\">\n\n\n<div class=\"col-12 col-md-5 col-lg-2\"><img decoding=\"async\" class=\"alignnone size-full wp-image-221\" src=\"https:\/\/www.spanner.sk\/wp-content\/uploads\/2020\/05\/berakova.jpg\" alt=\"\" width=\"150\" \/><\/div>\n\n\n\n\n<div class=\"col-12 col-md-7 col-lg-4\">\n\n\n<h4>Marketing Manager<\/h4>\n\n\n\n\n<p><strong>Ing. Alena Ber\u00e1kov\u00e1<\/strong><br \/>\ne-mail: <a href=\"mailto:alena.berakova@spanner.sk\">alena.berakova@spanner.sk<\/a><\/p>\n\n\n<\/div>\n\n\n<\/div>\n\n\n\n\n\n\n\n\n\n\n --><!-- PROJECT \/ PRODUCT row --><\/p>\n<div class=\"row\" style=\"padding-bottom: 2em\">\u00a0<\/div>\n","protected":false},"excerpt":{"rendered":"<p>Sitz \/ Rechnungsdaten Spanner SK, k.s. Robotn\u00edcka 4352 017 01 Pova\u017esk\u00e1 Bystrica Slowakei Tel.: +421 (0)42 285 2701 E-Mail: spanner@spanner.sk E-Mail zur Rechnungsstellung: fakturacia@spanner.sk ID: 36 348 287 VAT: SK2022081380 Die Firma ist im Handelsregister des Bezirksgerichts Tren\u010d\u00edn, Abschnitt: Sr, Einlage-Nr .: 10054 \/ R eingetragen. Bankverbindung: V\u00daB banka, a.s., SK14 0200 0000 0045 2752 [&hellip;]<\/p>\n","protected":false},"author":2,"featured_media":0,"parent":0,"menu_order":0,"comment_status":"closed","ping_status":"closed","template":"page-quatro","meta":{"_acf_changed":false,"_themeisle_gutenberg_block_has_review":false,"footnotes":""},"class_list":["post-4661","page","type-page","status-publish","hentry"],"acf":[],"_links":{"self":[{"href":"https:\/\/www.spanner.sk\/de\/wp-json\/wp\/v2\/pages\/4661","targetHints":{"allow":["GET"]}}],"collection":[{"href":"https:\/\/www.spanner.sk\/de\/wp-json\/wp\/v2\/pages"}],"about":[{"href":"https:\/\/www.spanner.sk\/de\/wp-json\/wp\/v2\/types\/page"}],"author":[{"embeddable":true,"href":"https:\/\/www.spanner.sk\/de\/wp-json\/wp\/v2\/users\/2"}],"replies":[{"embeddable":true,"href":"https:\/\/www.spanner.sk\/de\/wp-json\/wp\/v2\/comments?post=4661"}],"version-history":[{"count":59,"href":"https:\/\/www.spanner.sk\/de\/wp-json\/wp\/v2\/pages\/4661\/revisions"}],"predecessor-version":[{"id":5017,"href":"https:\/\/www.spanner.sk\/de\/wp-json\/wp\/v2\/pages\/4661\/revisions\/5017"}],"wp:attachment":[{"href":"https:\/\/www.spanner.sk\/de\/wp-json\/wp\/v2\/media?parent=4661"}],"curies":[{"name":"wp","href":"https:\/\/api.w.org\/{rel}","templated":true}]}}