{"id":4112,"date":"2026-04-08T14:18:06","date_gmt":"2026-04-08T12:18:06","guid":{"rendered":"https:\/\/www.spanner.sk\/?page_id=4112"},"modified":"2026-04-17T16:14:26","modified_gmt":"2026-04-17T14:14:26","slug":"our-solutions","status":"publish","type":"page","link":"https:\/\/www.spanner.sk\/de\/our-solutions\/","title":{"rendered":"NA\u0160E RIE\u0160ENIA"},"content":{"rendered":"\n<div id=\"wp-block-themeisle-blocks-advanced-columns-05190169\" class=\"wp-block-themeisle-blocks-advanced-columns alignfull has-1-columns has-desktop-equal-layout has-tablet-equal-layout has-mobile-equal-layout has-vertical-center\"><div class=\"wp-block-themeisle-blocks-advanced-columns-overlay\"><\/div><div class=\"innerblocks-wrap\">\n<div id=\"wp-block-themeisle-blocks-advanced-column-82170349\" class=\"wp-block-themeisle-blocks-advanced-column\">\n<h1 class=\"wp-block-heading has-text-align-left has-white-color has-text-color has-link-color wp-elements-1c840a1d61deacc17e053c3dec698fd7\" style=\"margin-top:0;margin-bottom:5px;padding-top:0;padding-right:0;padding-bottom:0;padding-left:0\">+NA\u0160E RIE\u0160ENIA<\/h1>\n\n\n\n<div id=\"wp-block-themeisle-blocks-advanced-columns-acfad359\" class=\"wp-block-themeisle-blocks-advanced-columns has-1-columns has-desktop-equal-layout has-tablet-equal-layout has-mobile-equal-layout has-vertical-unset\"><div class=\"wp-block-themeisle-blocks-advanced-columns-overlay\"><\/div><div class=\"innerblocks-wrap\">\n<div id=\"wp-block-themeisle-blocks-advanced-column-7a235621\" class=\"wp-block-themeisle-blocks-advanced-column has-dark-bg\"><\/div>\n<\/div><\/div>\n\n\n\n<h5 class=\"wp-block-heading has-text-align-left has-white-color has-text-color has-link-color wp-elements-07aa0c2027accac2e2afe6e59424ae8d\" style=\"margin-top:20px;margin-bottom:0\">BUDUJEME DLHODOB\u00c9 PARTNERSTV\u00c1<\/h5>\n<\/div>\n<\/div><\/div>\n\n\n\n<div id=\"wp-block-themeisle-blocks-advanced-columns-7ac5ddbe\" class=\"wp-block-themeisle-blocks-advanced-columns alignwide has-1-columns has-desktop-equal-layout has-tablet-equal-layout has-mobile-equal-layout has-vertical-unset\"><div class=\"wp-block-themeisle-blocks-advanced-columns-overlay\"><\/div><div class=\"innerblocks-wrap\">\n<div id=\"wp-block-themeisle-blocks-advanced-column-f1c9acbe\" class=\"wp-block-themeisle-blocks-advanced-column\">\n<h3 class=\"wp-block-heading\" style=\"margin-bottom:40px;padding-bottom:0\">Preber\u00e1me na seba pln\u00fa zodpovednos\u0165 za v\u00fdsledky<\/h3>\n\n\n\n<p style=\"font-size:20px\">V\u202fSPANNER SK budujeme spolupr\u00e1cu na f\u00e9rovosti, otvorenej komunik\u00e1cii a\u202fspolo\u010dnej v\u00edzii. V\u00fdsledkom poskytovania na\u0161ich slu\u017eieb s\u00fa stabiln\u00e9 a\u202fdlhoro\u010dn\u00e9 obchodn\u00e9 partnerstv\u00e1. V\u010faka n\u00e1\u0161mu \u0161irok\u00e9mu portf\u00f3liu a\u202fvysok\u00fdm \u0161tandardom kvality, patria medzi na\u0161ich partnerov men\u0161ie inovat\u00edvne startupy aj ve\u013ek\u00e9 nadn\u00e1rodn\u00e9 spolo\u010dnosti.<\/p>\n\n\n\n<p style=\"font-size:20px\">Potrebujete vyrobi\u0165 komplexn\u00fd stroj na k\u013e\u00fa\u010d alebo zabezpe\u010di\u0165 stabiln\u00e9 dod\u00e1vky komponentov? Ozvite sa n\u00e1m a priprav\u00edme v\u00e1m rie\u0161enie a\u202f ponuku na mieru.<\/p>\n<\/div>\n<\/div><\/div>\n\n\n\n<div id=\"wp-block-themeisle-blocks-advanced-columns-a7fa511f\" class=\"wp-block-themeisle-blocks-advanced-columns alignwide has-1-columns has-desktop-equal-layout has-tablet-equal-layout has-mobile-equal-layout has-vertical-unset\"><div class=\"wp-block-themeisle-blocks-advanced-columns-overlay\"><\/div><div class=\"innerblocks-wrap\">\n<div id=\"wp-block-themeisle-blocks-advanced-column-97de9051\" class=\"wp-block-themeisle-blocks-advanced-column\">\n<div id=\"wp-block-themeisle-blocks-button-group-d762054c\" class=\"wp-block-themeisle-blocks-button-group wp-block-buttons ticss-7a413a52\">\n<div id=\"wp-block-themeisle-blocks-button-df6a2f0e\" class=\"wp-block-themeisle-blocks-button wp-block-button is-style-outline spnn-btn\"><a href=\"alena.berakova@spanner.sk\" target=\"_self\" rel=\"noopener\" class=\"wp-block-button__link\"><span>KONTAKTUJTE N\u00c1\u0160 SALES TEAM<\/span><i class=\"far fa-fw fa-envelope margin-left\"><\/i><\/a><\/div>\n<\/div>\n<\/div>\n<\/div><\/div>\n\n\n\n<div id=\"wp-block-themeisle-blocks-advanced-columns-ead4e9be\" class=\"wp-block-themeisle-blocks-advanced-columns alignwide has-2-columns has-desktop-equal-layout has-tablet-equal-layout has-mobile-collapsedRows-layout has-vertical-unset\"><div class=\"wp-block-themeisle-blocks-advanced-columns-overlay\"><\/div><div class=\"innerblocks-wrap\">\n<div id=\"wp-block-themeisle-blocks-advanced-column-3e2cd781\" class=\"wp-block-themeisle-blocks-advanced-column\">\n<h2 class=\"wp-block-heading\">FACTORY AS A SERVICE<\/h2>\n\n\n\n<p>M\u00e1te vlastn\u00fa v\u00fdrobu, ale je obmedzen\u00e1 pre v\u00e1\u0161 pl\u00e1n bud\u00faceho rastu? M\u00e1te vlastn\u00fd v\u00fdvoj produktov a predaj, ale nezameriavate sa na v\u00fdrobu?<\/p>\n\n\n\n<p>Umo\u017en\u00edme v\u00e1m vstup na nov\u00e9 trhy a\u202fexpanziu v\u00e1\u0161ho podnikania, bez potreby investovania do vlastn\u00fdch strojov, person\u00e1lu a zariaden\u00ed. Zastre\u0161\u00edme v\u00e1m v\u00fdrobu na k\u013e\u00fa\u010d, od zabezpe\u010denia person\u00e1lu, technol\u00f3gi\u00ed a nastavenia layoutov cez projektov\u00e9 riadenie, n\u00e1kup a riadenie dod\u00e1vate\u013esk\u00e9ho re\u0165azca a\u017e po samotn\u00fa v\u00fdrobu, kontrolu kvality, balenie a doru\u010denie.<\/p>\n\n\n\n<h4 class=\"wp-block-heading\">Zverte v\u00fdrobu va\u0161ich produktov do na\u0161ich r\u00fak a z\u00edskate:<\/h4>\n\n\n\n<div id=\"wp-block-themeisle-blocks-icon-list-da7282bc\" class=\"wp-block-themeisle-blocks-icon-list ticss-da9cd2b1\">\n<div id=\"wp-block-themeisle-blocks-icon-list-item-832de6ae\" class=\"wp-block-themeisle-blocks-icon-list-item\"><i class=\"fas fa-plus wp-block-themeisle-blocks-icon-list-item-icon\"><\/i><p class=\"wp-block-themeisle-blocks-icon-list-item-content\">Spustenie v\u00fdroby bez investi\u010dn\u00fdch v\u00fddavkov (CAPEX)<\/p><\/div>\n\n\n\n<div id=\"wp-block-themeisle-blocks-icon-list-item-a6cc91bc\" class=\"wp-block-themeisle-blocks-icon-list-item\"><i class=\"fas fa-plus wp-block-themeisle-blocks-icon-list-item-icon\"><\/i><p class=\"wp-block-themeisle-blocks-icon-list-item-content\">Kompletn\u00e9 person\u00e1lne zabezpe\u010denie<\/p><\/div>\n\n\n\n<div id=\"wp-block-themeisle-blocks-icon-list-item-6bd83e3e\" class=\"wp-block-themeisle-blocks-icon-list-item\"><i class=\"fas fa-plus wp-block-themeisle-blocks-icon-list-item-icon\"><\/i><p class=\"wp-block-themeisle-blocks-icon-list-item-content\">Know-how a modern\u00e9 technol\u00f3gie<\/p><\/div>\n\n\n\n<div id=\"wp-block-themeisle-blocks-icon-list-item-dd08d970\" class=\"wp-block-themeisle-blocks-icon-list-item\"><i class=\"fas fa-plus wp-block-themeisle-blocks-icon-list-item-icon\"><\/i><p class=\"wp-block-themeisle-blocks-icon-list-item-content\">\u0160k\u00e1lovanie bez z\u00e1\u0165a\u017ee pre v\u00e1s<\/p><\/div>\n\n\n\n<div id=\"wp-block-themeisle-blocks-icon-list-item-6de90d91\" class=\"wp-block-themeisle-blocks-icon-list-item\"><i class=\"fas fa-plus wp-block-themeisle-blocks-icon-list-item-icon\"><\/i><p class=\"wp-block-themeisle-blocks-icon-list-item-content\">Certifikovan\u00fa v\u00fdrobu a podporu certifik\u00e1cie produktu<\/p><\/div>\n\n\n\n<div id=\"wp-block-themeisle-blocks-icon-list-item-8c2a55c1\" class=\"wp-block-themeisle-blocks-icon-list-item\"><i class=\"fas fa-plus wp-block-themeisle-blocks-icon-list-item-icon\"><\/i><p class=\"wp-block-themeisle-blocks-icon-list-item-content\">Transparentn\u00fa a\u202fbezpe\u010dn\u00fa spolupr\u00e1cu<\/p><\/div>\n<\/div>\n\n\n\n<div style=\"height:40px\" aria-hidden=\"true\" class=\"wp-block-spacer\"><\/div>\n\n\n\n<div id=\"wp-block-themeisle-blocks-advanced-columns-d946d784\" class=\"wp-block-themeisle-blocks-advanced-columns alignwide has-1-columns has-desktop-equal-layout has-tablet-equal-layout has-mobile-equal-layout has-vertical-unset\"><div class=\"wp-block-themeisle-blocks-advanced-columns-overlay\"><\/div><div class=\"innerblocks-wrap\">\n<div id=\"wp-block-themeisle-blocks-advanced-column-252865af\" class=\"wp-block-themeisle-blocks-advanced-column\">\n<div id=\"wp-block-themeisle-blocks-button-group-837e0b3a\" class=\"wp-block-themeisle-blocks-button-group wp-block-buttons ticss-7a413a52\">\n<div id=\"wp-block-themeisle-blocks-button-d61c80ed\" class=\"wp-block-themeisle-blocks-button wp-block-button is-style-outline spnn-btn\"><a href=\"\/\" target=\"_self\" rel=\"noopener\" class=\"wp-block-button__link\"><span>viac o factory as a service<\/span><i class=\"fas fa-fw fa-chevron-right margin-left\"><\/i><\/a><\/div>\n<\/div>\n<\/div>\n<\/div><\/div>\n<\/div>\n\n\n\n<div id=\"wp-block-themeisle-blocks-advanced-column-14a2ec8d\" class=\"wp-block-themeisle-blocks-advanced-column\">\n<figure class=\"wp-block-image size-large\"><img loading=\"lazy\" decoding=\"async\" width=\"1024\" height=\"683\" src=\"https:\/\/www.spanner.sk\/wp-content\/uploads\/DSC04804-1024x683.jpg\" alt=\"\" class=\"wp-image-3681\" \/><\/figure>\n\n\n\n<figure class=\"wp-block-image size-large\"><img loading=\"lazy\" decoding=\"async\" width=\"1024\" height=\"683\" src=\"https:\/\/www.spanner.sk\/wp-content\/uploads\/DSC04449-1024x683.jpg\" alt=\"\" class=\"wp-image-3680\" \/><\/figure>\n<\/div>\n<\/div><\/div>\n\n\n\n<div id=\"wp-block-themeisle-blocks-advanced-columns-39d3934b\" class=\"wp-block-themeisle-blocks-advanced-columns alignwide has-2-columns has-desktop-equal-layout has-tablet-equal-layout has-mobile-collapsedRows-layout has-reverse-columns-mobile has-vertical-unset\"><div class=\"wp-block-themeisle-blocks-advanced-columns-overlay\"><\/div><div class=\"innerblocks-wrap\">\n<div id=\"wp-block-themeisle-blocks-advanced-column-5f623ce0\" class=\"wp-block-themeisle-blocks-advanced-column\">\n<figure class=\"wp-block-image size-large\"><img loading=\"lazy\" decoding=\"async\" width=\"1024\" height=\"683\" src=\"https:\/\/www.spanner.sk\/wp-content\/uploads\/DSC04693-copy-1024x683.jpg\" alt=\"\" class=\"wp-image-3755\" \/><\/figure>\n\n\n\n<figure class=\"wp-block-image size-large\"><img loading=\"lazy\" decoding=\"async\" width=\"1024\" height=\"683\" src=\"https:\/\/www.spanner.sk\/wp-content\/uploads\/DSC08227-copy-1024x683.jpg\" alt=\"\" class=\"wp-image-2172\" \/><\/figure>\n<\/div>\n\n\n\n<div id=\"wp-block-themeisle-blocks-advanced-column-32f6c2d6\" class=\"wp-block-themeisle-blocks-advanced-column\">\n<h2 class=\"wp-block-heading\">ZMLUVN\u00c1 V\u00ddROBA<\/h2>\n\n\n\n<p>Potrebujete stabiln\u00e9ho a kvalitn\u00e9ho subdod\u00e1vate\u013ea?<\/p>\n\n\n\n<p>Sme spo\u013eahliv\u00fd partner pre zmluvn\u00fa v\u00fdrobu jednotliv\u00fdch komponentov, mont\u00e1\u017enych skup\u00edn a zv\u00e1ran\u00fdch zost\u00e1v pod\u013ea va\u0161ej technickej \u0161pecifik\u00e1cie. Ako kontraktn\u00fd v\u00fdrobca dod\u00e1vame presnos\u0165, kvalitu a flexibilitu, aby ste mali istotu plynulej v\u00fdroby. Poskytujeme komplexn\u00e9 slu\u017eby zalo\u017een\u00e9 na spracovan\u00ed plechov, obr\u00e1ban\u00ed, ru\u010dnom a robotickom zv\u00e1ran\u00ed, povrchov\u00fdch \u00faprav\u00e1ch, fin\u00e1lnej mont\u00e1\u017ei a to v\u0161etko s bezkonkuren\u010dnou kvalitou.<\/p>\n\n\n\n<h4 class=\"wp-block-heading\">Spolupr\u00e1cou s nami z\u00edskate:<\/h4>\n\n\n\n<div id=\"wp-block-themeisle-blocks-icon-list-7056c3a2\" class=\"wp-block-themeisle-blocks-icon-list ticss-da9cd2b1\">\n<div id=\"wp-block-themeisle-blocks-icon-list-item-acee65fc\" class=\"wp-block-themeisle-blocks-icon-list-item\"><i class=\"fas fa-plus wp-block-themeisle-blocks-icon-list-item-icon\"><\/i><p class=\"wp-block-themeisle-blocks-icon-list-item-content\">Priame dod\u00e1vky do va\u0161ich z\u00e1vodov<\/p><\/div>\n\n\n\n<div id=\"wp-block-themeisle-blocks-icon-list-item-0ccd5a66\" class=\"wp-block-themeisle-blocks-icon-list-item\"><i class=\"fas fa-plus wp-block-themeisle-blocks-icon-list-item-icon\"><\/i><p class=\"wp-block-themeisle-blocks-icon-list-item-content\">Kompletn\u00e9 moduly a zostavy v\u00fdrobkov<\/p><\/div>\n\n\n\n<div id=\"wp-block-themeisle-blocks-icon-list-item-b21bb11f\" class=\"wp-block-themeisle-blocks-icon-list-item\"><i class=\"fas fa-plus wp-block-themeisle-blocks-icon-list-item-icon\"><\/i><p class=\"wp-block-themeisle-blocks-icon-list-item-content\">Predmont\u00e1\u017ene skupiny dielov<\/p><\/div>\n\n\n\n<div id=\"wp-block-themeisle-blocks-icon-list-item-d2ce176b\" class=\"wp-block-themeisle-blocks-icon-list-item\"><i class=\"fas fa-plus wp-block-themeisle-blocks-icon-list-item-icon\"><\/i><p class=\"wp-block-themeisle-blocks-icon-list-item-content\">Stabiln\u00fa s\u00e9riov\u00fa v\u00fdrobu<\/p><\/div>\n\n\n\n<div id=\"wp-block-themeisle-blocks-icon-list-item-8f498bcc\" class=\"wp-block-themeisle-blocks-icon-list-item\"><i class=\"fas fa-plus wp-block-themeisle-blocks-icon-list-item-icon\"><\/i><p class=\"wp-block-themeisle-blocks-icon-list-item-content\">Predv\u00eddate\u013en\u00e9 term\u00edny a kapacity<\/p><\/div>\n\n\n\n<div id=\"wp-block-themeisle-blocks-icon-list-item-5e9378df\" class=\"wp-block-themeisle-blocks-icon-list-item\"><i class=\"fas fa-plus wp-block-themeisle-blocks-icon-list-item-icon\"><\/i><p class=\"wp-block-themeisle-blocks-icon-list-item-content\">Menej intern\u00e9ho riadenia<\/p><\/div>\n<\/div>\n\n\n\n<div style=\"height:40px\" aria-hidden=\"true\" class=\"wp-block-spacer\"><\/div>\n\n\n\n<div id=\"wp-block-themeisle-blocks-advanced-columns-ee00d536\" class=\"wp-block-themeisle-blocks-advanced-columns alignwide has-1-columns has-desktop-equal-layout has-tablet-equal-layout has-mobile-equal-layout has-vertical-unset\"><div class=\"wp-block-themeisle-blocks-advanced-columns-overlay\"><\/div><div class=\"innerblocks-wrap\">\n<div id=\"wp-block-themeisle-blocks-advanced-column-dde908d9\" class=\"wp-block-themeisle-blocks-advanced-column\">\n<div id=\"wp-block-themeisle-blocks-button-group-c0670b73\" class=\"wp-block-themeisle-blocks-button-group wp-block-buttons ticss-7a413a52\">\n<div id=\"wp-block-themeisle-blocks-button-c40d90c4\" class=\"wp-block-themeisle-blocks-button wp-block-button is-style-outline spnn-btn\"><a href=\"\/\" target=\"_self\" rel=\"noopener\" class=\"wp-block-button__link\"><span>viac o ZMLUVNEJ V\u00ddROBE<\/span><i class=\"fas fa-fw fa-angle-right margin-left\"><\/i><\/a><\/div>\n<\/div>\n<\/div>\n<\/div><\/div>\n<\/div>\n<\/div><\/div>\n\n\n\n<p><\/p>\n","protected":false},"excerpt":{"rendered":"","protected":false},"author":3,"featured_media":0,"parent":0,"menu_order":0,"comment_status":"closed","ping_status":"closed","template":"page-quatro","meta":{"_acf_changed":false,"_themeisle_gutenberg_block_has_review":false,"footnotes":""},"class_list":["post-4112","page","type-page","status-publish","hentry"],"acf":[],"_links":{"self":[{"href":"https:\/\/www.spanner.sk\/de\/wp-json\/wp\/v2\/pages\/4112","targetHints":{"allow":["GET"]}}],"collection":[{"href":"https:\/\/www.spanner.sk\/de\/wp-json\/wp\/v2\/pages"}],"about":[{"href":"https:\/\/www.spanner.sk\/de\/wp-json\/wp\/v2\/types\/page"}],"author":[{"embeddable":true,"href":"https:\/\/www.spanner.sk\/de\/wp-json\/wp\/v2\/users\/3"}],"replies":[{"embeddable":true,"href":"https:\/\/www.spanner.sk\/de\/wp-json\/wp\/v2\/comments?post=4112"}],"version-history":[{"count":17,"href":"https:\/\/www.spanner.sk\/de\/wp-json\/wp\/v2\/pages\/4112\/revisions"}],"predecessor-version":[{"id":4962,"href":"https:\/\/www.spanner.sk\/de\/wp-json\/wp\/v2\/pages\/4112\/revisions\/4962"}],"wp:attachment":[{"href":"https:\/\/www.spanner.sk\/de\/wp-json\/wp\/v2\/media?parent=4112"}],"curies":[{"name":"wp","href":"https:\/\/api.w.org\/{rel}","templated":true}]}}