{"id":2245,"date":"2024-05-01T23:14:07","date_gmt":"2024-05-01T21:14:07","guid":{"rendered":"https:\/\/www.spanner.sk\/?page_id=2245"},"modified":"2025-09-09T14:48:42","modified_gmt":"2025-09-09T12:48:42","slug":"vyvoj-a-navrh","status":"publish","type":"page","link":"https:\/\/www.spanner.sk\/de\/nase-riesenia\/vyvoj-a-navrh\/","title":{"rendered":"Produktentwicklung und-design"},"content":{"rendered":"<h2>Wir haben L\u00f6sungen zur Verwirklichung Ihrer Ideen<\/h2>\n<p>Sie haben eine Idee f\u00fcr die Herstellung von Maschinen oder Anlagen, verf\u00fcgen aber nicht \u00fcber die Kapazit\u00e4ten, einen Entwurf zu erstellen? Ben\u00f6tigen Sie Hilfe bei einem Entwurf und einer technischen Dokumentation? Oder haben Sie einen Wunsch f\u00fcr ein Redesign Ihrer aktuellen Produkte?<\/p>\n<p><strong>Wir unterst\u00fctzen Sie professionell in der Produktdesignphase<\/strong>. Wir nehmen aktiv am gesamten Prozess teil, <strong>bis hin zur endg\u00fcltigen Realisierung des Produkts und seiner Serienproduktion.<\/strong> Unser erfahrenes Team aus Designern und Projektmanagern kann <strong>basierend auf Ihrem Auftrag einen Prototyp jeder Maschine gem\u00e4\u00df der Zeichnungsdokumentation entwerfen und produzieren.<\/strong><\/p>\n<p>Wenn Sie an weiteren Informationen interessiert sind, kontaktieren Sie uns unter:<strong> sales@spanner.sk<\/strong><\/p>\n<div id='gallery-1' class='gallery galleryid-2245 gallery-columns-3 gallery-size-thumbnail'><figure class='gallery-item'>\r\n\t\t\t<div class='gallery-icon landscape'>\r\n\t\t\t\t<a href='https:\/\/www.spanner.sk\/wp-content\/uploads\/DSC03251.jpg'><img loading=\"lazy\" decoding=\"async\" width=\"360\" height=\"240\" src=\"https:\/\/www.spanner.sk\/wp-content\/uploads\/DSC03251-360x240.jpg\" class=\"attachment-thumbnail size-thumbnail\" alt=\"\" \/><\/a>\r\n\t\t\t<\/div><\/figure><figure class='gallery-item'>\r\n\t\t\t<div class='gallery-icon landscape'>\r\n\t\t\t\t<a href='https:\/\/www.spanner.sk\/wp-content\/uploads\/DSC03335.jpg'><img loading=\"lazy\" decoding=\"async\" width=\"360\" height=\"240\" src=\"https:\/\/www.spanner.sk\/wp-content\/uploads\/DSC03335-360x240.jpg\" class=\"attachment-thumbnail size-thumbnail\" alt=\"\" \/><\/a>\r\n\t\t\t<\/div><\/figure><figure class='gallery-item'>\r\n\t\t\t<div class='gallery-icon landscape'>\r\n\t\t\t\t<a href='https:\/\/www.spanner.sk\/wp-content\/uploads\/DSC03348-e1709545860523.jpg'><img loading=\"lazy\" decoding=\"async\" width=\"360\" height=\"240\" src=\"https:\/\/www.spanner.sk\/wp-content\/uploads\/DSC03348-e1709545860523-360x240.jpg\" class=\"attachment-thumbnail size-thumbnail\" alt=\"\" \/><\/a>\r\n\t\t\t<\/div><\/figure><\/div>\n\n<h2>\u00a0<\/h2>\n<h2>Automatisierung in der Verarbeitung von Produktionsabf\u00e4llen<\/h2>\n<p>Wir unterst\u00fctzen unsere Kunden bei der Verarbeitung von Produktionsabf\u00e4llen wie Metall- oder Aluminiumsp\u00e4nen. Mit einer automatisierten Anlage, die wir nach Ihren Vorgaben gestalten, reinigen wir die Abf\u00e4lle von Emulsionen und \u00d6len und zerkleinern und brikettieren sie anschlie\u00dfend.<\/p>\n<h2><a href=\"https:\/\/www.spanner.sk\/wp-content\/uploads\/Spanner_Line_Waste_Material_References-1.mp4\" target=\"_blank\" rel=\"noopener noreferrer\">VIDEO &#8211; INSTALLATION BEIM KUNDEN<\/a><\/h2>\n<p>Wir decken alle Bereiche der Produktionsabfallaufbereitung ab, einzeln oder als komplexe automatisierte Anlage, immer ma\u00dfgeschneidert nach Kundenwunsch.<\/p>\n<ul>\n<li>Sp\u00e4nebrecher<\/li>\n<li>Zentrifugen<\/li>\n<li>Brikettierpressen<\/li>\n<li>F\u00f6rderer und F\u00f6rderwagen<\/li>\n<li>Separatoren<\/li>\n<li>Materialdeponien<\/li>\n<\/ul>\n<div id='gallery-2' class='gallery galleryid-2245 gallery-columns-3 gallery-size-thumbnail'><figure class='gallery-item'>\r\n\t\t\t<div class='gallery-icon portrait'>\r\n\t\t\t\t<a href='https:\/\/www.spanner.sk\/wp-content\/uploads\/IMG_9269.jpg'><img loading=\"lazy\" decoding=\"async\" width=\"360\" height=\"240\" src=\"https:\/\/www.spanner.sk\/wp-content\/uploads\/IMG_9269-360x240.jpg\" class=\"attachment-thumbnail size-thumbnail\" alt=\"\" \/><\/a>\r\n\t\t\t<\/div><\/figure><figure class='gallery-item'>\r\n\t\t\t<div class='gallery-icon portrait'>\r\n\t\t\t\t<a href='https:\/\/www.spanner.sk\/wp-content\/uploads\/IMG_6837-scaled.jpg'><img loading=\"lazy\" decoding=\"async\" width=\"360\" height=\"240\" src=\"https:\/\/www.spanner.sk\/wp-content\/uploads\/IMG_6837-360x240.jpg\" class=\"attachment-thumbnail size-thumbnail\" alt=\"\" \/><\/a>\r\n\t\t\t<\/div><\/figure><figure class='gallery-item'>\r\n\t\t\t<div class='gallery-icon portrait'>\r\n\t\t\t\t<a href='https:\/\/www.spanner.sk\/wp-content\/uploads\/IMG_9274.jpg'><img loading=\"lazy\" decoding=\"async\" width=\"360\" height=\"240\" src=\"https:\/\/www.spanner.sk\/wp-content\/uploads\/IMG_9274-360x240.jpg\" class=\"attachment-thumbnail size-thumbnail\" alt=\"\" \/><\/a>\r\n\t\t\t<\/div><\/figure><\/div>\n\n<p>&nbsp;<\/p>\n<h2>Entwicklung und Design eigener Produkte<\/h2>\n<p><strong>Wir verf\u00fcgen \u00fcber ein vom Ministerium f\u00fcr Bildung, Wissenschaft, Forschung und Sport der Slowakischen Republik ausgestelltes Zertifikat \u00fcber die Bef\u00e4higung zur Durchf\u00fchrung von Forschung und Entwicklung.<\/strong> Wir suchen nach unerforschten Gebieten und entwickeln eigene Ger\u00e4te. Im Jahr 2020 haben wir zwei eigene Produkte zur Desinfektion von Menschen w\u00e4hrend der Corona-Krise auf den Markt gebracht. Desinfektionstore und intelligente Desinfektionsst\u00e4nder mit integrierter Werbefl\u00e4che. Beide Ger\u00e4te wurden von unserem Kollegenteam entworfen, das eine Idee, eine komplette Designl\u00f6sung und die Produktion in unseren eigenen Produktionsr\u00e4umen in Pova\u017esk\u00e1 Bystrica entwickelte.<\/p>\n<div id='gallery-3' class='gallery galleryid-2245 gallery-columns-3 gallery-size-thumbnail'><figure class='gallery-item'>\r\n\t\t\t<div class='gallery-icon landscape'>\r\n\t\t\t\t<a href='https:\/\/www.spanner.sk\/wp-content\/uploads\/DSC04029-copy-1.jpg'><img loading=\"lazy\" decoding=\"async\" width=\"360\" height=\"240\" src=\"https:\/\/www.spanner.sk\/wp-content\/uploads\/DSC04029-copy-1-360x240.jpg\" class=\"attachment-thumbnail size-thumbnail\" alt=\"\" \/><\/a>\r\n\t\t\t<\/div><\/figure><figure class='gallery-item'>\r\n\t\t\t<div class='gallery-icon landscape'>\r\n\t\t\t\t<a href='https:\/\/www.spanner.sk\/wp-content\/uploads\/Spanner-SK-1-scaled.jpg'><img loading=\"lazy\" decoding=\"async\" width=\"360\" height=\"240\" src=\"https:\/\/www.spanner.sk\/wp-content\/uploads\/Spanner-SK-1-360x240.jpg\" class=\"attachment-thumbnail size-thumbnail\" alt=\"\" \/><\/a>\r\n\t\t\t<\/div><\/figure><figure class='gallery-item'>\r\n\t\t\t<div class='gallery-icon landscape'>\r\n\t\t\t\t<a href='https:\/\/www.spanner.sk\/wp-content\/uploads\/2020\/05\/f1_800x600.jpg'><img loading=\"lazy\" decoding=\"async\" width=\"360\" height=\"240\" src=\"https:\/\/www.spanner.sk\/wp-content\/uploads\/2020\/05\/f1_800x600-360x240.jpg\" class=\"attachment-thumbnail size-thumbnail\" alt=\"\" \/><\/a>\r\n\t\t\t<\/div><\/figure><\/div>\n\n<h2>\u00a0<\/h2>\n<h2>Zusammenarbeit bei der Produktentwicklung<\/h2>\n<p>In Zusammenarbeit mit der Spanner Re2 GmbH mit Sitz in Deutschland entwickeln und fertigen wir Biomasse-Blockheizkraftwerke. Dabei handelt es sich um Ger\u00e4te zur kombinierten Erzeugung von Strom und W\u00e4rme, die sich durch einen hohen Wirkungsgrad auszeichnen. Sie sind \u00f6kologisch, was zum Umweltschutz und zur Nachhaltigkeit beitr\u00e4gt. Weltweit werden Re2-Blockheizkraftwerke in mittleren und gr\u00f6\u00dferen Industriebetrieben, Hotels und Wellnessbetrieben sowie in land- und holzverarbeitenden Betrieben installiert. Zu den Kunden z\u00e4hlen auch \u00f6ffentliche Einrichtungen, Kommunen und St\u00e4dte. Sie sind auch f\u00fcr diejenigen interessant, die bereits vorhandene teure Dieselgeneratoren oder alte Stromerzeugungsanlagen ersetzen m\u00f6chten.<\/p>\n<p>Gleichzeitig k\u00fcmmern wir uns um den Verkauf von Blockheizkraftwerken f\u00fcr das Gebiet der Slowakei und der angrenzenden L\u00e4nder. Wenn Sie an weiteren Informationen interessiert sind, kontaktieren Sie uns unter:<strong> +421 907 408 092<\/strong> oder <strong>alena.berakova@spanner.sk<\/strong><\/p>\n<p>Unser Ziel ist es zu zeigen, dass Nachhaltigkeit und \u00d6konomie gleichzeitig realisierbar sind. Jedes Unternehmen kann eine nachhaltige Energiezukunft haben, daher liegt es an uns, die verf\u00fcgbaren Optionen zu pr\u00fcfen und einen Weg zu finden, erneuerbare Ressourcen zu nutzen.<\/p>\n<h3><strong><a href=\"https:\/\/www.holz-kraft.com\/en\/references\/references-by-sector.html\" target=\"_blank\" rel=\"noopener noreferrer\">Klicken Sie f\u00fcr die Referenzen<\/a><\/strong><br \/>\n<a href=\"https:\/\/www.holz-kraft.com\/en\/\" target=\"_blank\" rel=\"noopener noreferrer\">Klicken Sie hier, um weitere Informationen zu erhalten<\/a><\/h3>\n<div id='gallery-4' class='gallery galleryid-2245 gallery-columns-3 gallery-size-thumbnail'><figure class='gallery-item'>\r\n\t\t\t<div class='gallery-icon landscape'>\r\n\t\t\t\t<a href='https:\/\/www.spanner.sk\/wp-content\/uploads\/twenty-wood-gasification-plants-1.jpg'><img loading=\"lazy\" decoding=\"async\" width=\"360\" height=\"240\" src=\"https:\/\/www.spanner.sk\/wp-content\/uploads\/twenty-wood-gasification-plants-1-360x240.jpg\" class=\"attachment-thumbnail size-thumbnail\" alt=\"\" \/><\/a>\r\n\t\t\t<\/div><\/figure><figure class='gallery-item'>\r\n\t\t\t<div class='gallery-icon landscape'>\r\n\t\t\t\t<a href='https:\/\/www.spanner.sk\/wp-content\/uploads\/brennstoff-f\u00fcr-holzvergaser-spanner-re2-1.jpg'><img loading=\"lazy\" decoding=\"async\" width=\"360\" height=\"240\" src=\"https:\/\/www.spanner.sk\/wp-content\/uploads\/brennstoff-f\u00fcr-holzvergaser-spanner-re2-1-360x240.jpg\" class=\"attachment-thumbnail size-thumbnail\" alt=\"\" \/><\/a>\r\n\t\t\t<\/div><\/figure><figure class='gallery-item'>\r\n\t\t\t<div class='gallery-icon landscape'>\r\n\t\t\t\t<a href='https:\/\/www.spanner.sk\/wp-content\/uploads\/EnergyBlock_1.jpg'><img loading=\"lazy\" decoding=\"async\" width=\"360\" height=\"240\" src=\"https:\/\/www.spanner.sk\/wp-content\/uploads\/EnergyBlock_1-360x240.jpg\" class=\"attachment-thumbnail size-thumbnail\" alt=\"\" \/><\/a>\r\n\t\t\t<\/div><\/figure><\/div>\n\n","protected":false},"excerpt":{"rendered":"<p>Wir haben L\u00f6sungen zur Verwirklichung Ihrer Ideen Sie haben eine Idee f\u00fcr die Herstellung von Maschinen oder Anlagen, verf\u00fcgen aber nicht \u00fcber die Kapazit\u00e4ten, einen Entwurf zu erstellen? Ben\u00f6tigen Sie Hilfe bei einem Entwurf und einer technischen Dokumentation? Oder haben Sie einen Wunsch f\u00fcr ein Redesign Ihrer aktuellen Produkte? Wir unterst\u00fctzen Sie professionell in der [&hellip;]<\/p>\n","protected":false},"author":3,"featured_media":2356,"parent":2239,"menu_order":1,"comment_status":"closed","ping_status":"closed","template":"","meta":{"_acf_changed":false,"_themeisle_gutenberg_block_has_review":false,"footnotes":""},"class_list":["post-2245","page","type-page","status-publish","has-post-thumbnail","hentry"],"acf":[],"_links":{"self":[{"href":"https:\/\/www.spanner.sk\/de\/wp-json\/wp\/v2\/pages\/2245","targetHints":{"allow":["GET"]}}],"collection":[{"href":"https:\/\/www.spanner.sk\/de\/wp-json\/wp\/v2\/pages"}],"about":[{"href":"https:\/\/www.spanner.sk\/de\/wp-json\/wp\/v2\/types\/page"}],"author":[{"embeddable":true,"href":"https:\/\/www.spanner.sk\/de\/wp-json\/wp\/v2\/users\/3"}],"replies":[{"embeddable":true,"href":"https:\/\/www.spanner.sk\/de\/wp-json\/wp\/v2\/comments?post=2245"}],"version-history":[{"count":46,"href":"https:\/\/www.spanner.sk\/de\/wp-json\/wp\/v2\/pages\/2245\/revisions"}],"predecessor-version":[{"id":2981,"href":"https:\/\/www.spanner.sk\/de\/wp-json\/wp\/v2\/pages\/2245\/revisions\/2981"}],"up":[{"embeddable":true,"href":"https:\/\/www.spanner.sk\/de\/wp-json\/wp\/v2\/pages\/2239"}],"wp:featuredmedia":[{"embeddable":true,"href":"https:\/\/www.spanner.sk\/de\/wp-json\/wp\/v2\/media\/2356"}],"wp:attachment":[{"href":"https:\/\/www.spanner.sk\/de\/wp-json\/wp\/v2\/media?parent=2245"}],"curies":[{"name":"wp","href":"https:\/\/api.w.org\/{rel}","templated":true}]}}