{"id":204,"date":"2020-05-12T09:39:46","date_gmt":"2020-05-12T07:39:46","guid":{"rendered":"http:\/\/spanner.uweb.sk\/en\/?page_id=204"},"modified":"2022-05-26T15:15:49","modified_gmt":"2022-05-26T13:15:49","slug":"covid-product","status":"publish","type":"page","link":"https:\/\/www.spanner.sk\/de\/produkty-spanner-sk\/covid-product\/","title":{"rendered":"Desinfektionszelle Spanner SK"},"content":{"rendered":"<h1>Eine innovative L\u00f6sung zur kontaktlosen Desinfektion von Personen<\/h1>\n<div id='gallery-1' class='gallery galleryid-204 gallery-columns-3 gallery-size-medium'><figure class='gallery-item'>\r\n\t\t\t<div class='gallery-icon portrait'>\r\n\t\t\t\t<a href='https:\/\/www.spanner.sk\/wp-content\/uploads\/DSC02537-copy-2.jpg'><img loading=\"lazy\" decoding=\"async\" width=\"683\" height=\"1024\" src=\"https:\/\/www.spanner.sk\/wp-content\/uploads\/DSC02537-copy-2-683x1024.jpg\" class=\"attachment-medium size-medium\" alt=\"Dezinfek\u010dn\u00e9 br\u00e1ny Spanner SK so zabudovan\u00fdmi bezkontaktn\u00fdmi v\u00fd\u0161kov\u00fdmi senzormi pomocou trysiek rozpty\u013euj\u00fa dezinfek\u010dn\u00fd prostriedok v podobe jemnej hmly na osoby prech\u00e1dzaj\u00face t\u00fdmito br\u00e1nami.\" \/><\/a>\r\n\t\t\t<\/div><\/figure><figure class='gallery-item'>\r\n\t\t\t<div class='gallery-icon portrait'>\r\n\t\t\t\t<a href='https:\/\/www.spanner.sk\/wp-content\/uploads\/DSC02630-copy.jpg'><img loading=\"lazy\" decoding=\"async\" width=\"683\" height=\"1024\" src=\"https:\/\/www.spanner.sk\/wp-content\/uploads\/DSC02630-copy-683x1024.jpg\" class=\"attachment-medium size-medium\" alt=\"Dezinfek\u010dn\u00e9 br\u00e1ny m\u00f4\u017eu by\u0165 in\u0161talovan\u00e9 vo vstupn\u00fdch priestoroch do budov, kancel\u00e1rskych priestorov, v\u00fdrobn\u00fdch z\u00e1vodov, obchodn\u00fdch re\u0165azcov, zdravotn\u00edckych, \u010di r\u00f4znych in\u00fdch zariaden\u00ed, jednoducho v\u0161ade tam, kde je potrebn\u00e9 dezinfikova\u0165 ve\u013ek\u00fd po\u010det \u013eud\u00ed v kr\u00e1tkom \u010dase.\" \/><\/a>\r\n\t\t\t<\/div><\/figure><figure class='gallery-item'>\r\n\t\t\t<div class='gallery-icon portrait'>\r\n\t\t\t\t<a href='https:\/\/www.spanner.sk\/wp-content\/uploads\/DSC02593-copy.jpg'><img loading=\"lazy\" decoding=\"async\" width=\"683\" height=\"1024\" src=\"https:\/\/www.spanner.sk\/wp-content\/uploads\/DSC02593-copy-683x1024.jpg\" class=\"attachment-medium size-medium\" alt=\"Dezinfek\u010dn\u00e1 br\u00e1na Spanner SK in\u0161talovan\u00e1 vo vstupn\u00fdch priestoroch n\u00e1\u0161ho z\u00e1kazn\u00edka.\" \/><\/a>\r\n\t\t\t<\/div><\/figure><\/div>\n\n<p>&nbsp;<\/p>\n<h2>VORBEUGUNG \u2022 SICHERHEIT \u2022 QUALIT\u00c4T \u2022 EFFIZIENZ \u2022 VARIABILIT\u00c4T<\/h2>\n<p>&nbsp;<\/p>\n<p>Wir sind uns des Wertes der menschlichen Gesundheit und der Bedeutung pr\u00e4ventiver Hygienema\u00dfnahmen bewusst, gerade auch langfristig. Wir bringen eine innovative L\u00f6sung f\u00fcr die kontaktlose Desinfektion von Menschen.<\/p>\n<p>Spanner SK-Desinfektionstore mit eingebauten kontaktlosen H\u00f6hensensoren verwenden D\u00fcsen, um das Desinfektionsmittel in Form eines feinen Nebels auf Personen zu verteilen, die diese Tore passieren. Sie k\u00f6nnen in Eingangsbereichen von Geb\u00e4uden, B\u00fcros, Produktionsst\u00e4tten, Einzelhandelsketten, medizinischen oder diversen anderen Einrichtungen aufgestellt werden, einfach \u00fcberall dort, wo eine Vielzahl von Personen in kurzer Zeit desinfiziert werden m\u00fcssen.<\/p>\n<p>Dank eines speziellen Desinfektionsmittels k\u00f6nnen Desinfektionstore im Freien oder in Innenr\u00e4umen installiert werden. Da das Desinfektionsmittel keinen Alkohol enth\u00e4lt, ist es bei Verwendung des Desinfektionstors in den Wintermonaten (bei Au\u00dfentemperaturen unter dem Gefrierpunkt) f\u00fcr den ordnungsgem\u00e4\u00dfen Betrieb erforderlich, das Ger\u00e4t in der Eingangshalle des Geb\u00e4udeinneren zu platzieren.<\/p>\n<p>Das Desinfektionstor besteht aus einem Eingang und einem Ausgang mit einer Breite von 816 mm. Beim Betreten des Torbereichs startet der ber\u00fchrungslose Sensor automatisch den Desinfektionsprozess, bei dem mit Hilfe von 8 D\u00fcsen Desinfektionsmittel auf die Person im Torbereich aufgetragen wird. Eine integrierte D\u00fcse im Torbereich dient der H\u00e4ndedesinfektion. Personen betreten einzeln den definierten Bereich und verweilen dort ca. 5 Sekunden (die Dauer eines Desinfektionszyklus kann \u00fcber eine Zeitschaltuhr eingestellt werden). Anschlie\u00dfend verlassen sie den Torbereich und der Desinfektionsprozess ist abgeschlossen.<\/p>\n<p>Das Desinfektionstor garantiert keinen perfekten Schutz vor dem Virus. Es ist ein Teil des Weges, das Risiko der \u00dcbertragung von Infektionen zu verringern.<\/p>\n<div id='gallery-2' class='gallery galleryid-204 gallery-columns-3 gallery-size-medium'><figure class='gallery-item'>\r\n\t\t\t<div class='gallery-icon landscape'>\r\n\t\t\t\t<a href='https:\/\/www.spanner.sk\/wp-content\/uploads\/DSC02475-copy.jpg'><img loading=\"lazy\" decoding=\"async\" width=\"1024\" height=\"683\" src=\"https:\/\/www.spanner.sk\/wp-content\/uploads\/DSC02475-copy-1024x683.jpg\" class=\"attachment-medium size-medium\" alt=\"V priestoroch dezinfek\u010dnej br\u00e1ny sa nach\u00e1dza samostatn\u00e1 zabudovan\u00e1 tryska na dezinfekciu r\u00fak.\" \/><\/a>\r\n\t\t\t<\/div><\/figure><figure class='gallery-item'>\r\n\t\t\t<div class='gallery-icon landscape'>\r\n\t\t\t\t<a href='https:\/\/www.spanner.sk\/wp-content\/uploads\/DSC02485-copy.jpg'><img loading=\"lazy\" decoding=\"async\" width=\"1024\" height=\"683\" src=\"https:\/\/www.spanner.sk\/wp-content\/uploads\/DSC02485-copy-1024x683.jpg\" class=\"attachment-medium size-medium\" alt=\"Jedna integrovan\u00e1 tryska v priestore br\u00e1ny sl\u00fa\u017ei na dezinfekciu r\u00fak.\" \/><\/a>\r\n\t\t\t<\/div><\/figure><figure class='gallery-item'>\r\n\t\t\t<div class='gallery-icon landscape'>\r\n\t\t\t\t<a href='https:\/\/www.spanner.sk\/wp-content\/uploads\/DSC02612-copy.jpg'><img loading=\"lazy\" decoding=\"async\" width=\"1024\" height=\"683\" src=\"https:\/\/www.spanner.sk\/wp-content\/uploads\/DSC02612-copy-1024x683.jpg\" class=\"attachment-medium size-medium\" alt=\"Pri vstupe do priestoru br\u00e1ny bezdotykov\u00fd senzor automaticky spust\u00ed dezinfek\u010dn\u00fd proces, po\u010das ktor\u00e9ho je za pomoci 8 trysiek aplikovan\u00fd dezinfek\u010dn\u00fd prostriedok na osobu nach\u00e1dzaj\u00facu sa v priestoroch br\u00e1ny. Jedna integrovan\u00e1 tryska v priestore br\u00e1ny sl\u00fa\u017ei na dezinfekciu r\u00fak.\" \/><\/a>\r\n\t\t\t<\/div><\/figure><figure class='gallery-item'>\r\n\t\t\t<div class='gallery-icon landscape'>\r\n\t\t\t\t<a href='https:\/\/www.spanner.sk\/wp-content\/uploads\/DSC02488-copy.jpg'><img loading=\"lazy\" decoding=\"async\" width=\"1024\" height=\"683\" src=\"https:\/\/www.spanner.sk\/wp-content\/uploads\/DSC02488-copy-1024x683.jpg\" class=\"attachment-medium size-medium\" alt=\"Proti\u0161mykov\u00e1 podlaha v priestore dezinfek\u010dnej br\u00e1ny zvy\u0161uje bezpe\u010dnos\u0165 pri jej pou\u017e\u00edvan\u00ed.\" \/><\/a>\r\n\t\t\t<\/div><\/figure><figure class='gallery-item'>\r\n\t\t\t<div class='gallery-icon landscape'>\r\n\t\t\t\t<a href='https:\/\/www.spanner.sk\/wp-content\/uploads\/DSC02484-copy.jpg'><img loading=\"lazy\" decoding=\"async\" width=\"1024\" height=\"683\" src=\"https:\/\/www.spanner.sk\/wp-content\/uploads\/DSC02484-copy-1024x683.jpg\" class=\"attachment-medium size-medium\" alt=\"Bezdotykov\u00e9 senzory s\u00fa umiestnen\u00e9 v dvoch r\u00f4znych v\u00fd\u0161kach na identifikovanie v\u00fd\u0161ky vstupuj\u00facej osoby. Dezinfek\u010dn\u00fd prostriedok nie je aplikovan\u00fd na tv\u00e1r osoby.\" \/><\/a>\r\n\t\t\t<\/div><\/figure><figure class='gallery-item'>\r\n\t\t\t<div class='gallery-icon landscape'>\r\n\t\t\t\t<a href='https:\/\/www.spanner.sk\/wp-content\/uploads\/DSC02491-copy.jpg'><img loading=\"lazy\" decoding=\"async\" width=\"1024\" height=\"683\" src=\"https:\/\/www.spanner.sk\/wp-content\/uploads\/DSC02491-copy-1024x683.jpg\" class=\"attachment-medium size-medium\" alt=\"Do vymedzen\u00e9ho priestoru vstupuj\u00fa osoby jednotlivo a zotrvaj\u00fa v \u0148om cca 5 sek\u00fand (doba jedn\u00e9ho dezinfek\u010dn\u00e9ho cyklu sa d\u00e1 nastavova\u0165 pomocou \u010dasova\u010da). N\u00e1sledne opustia priestor br\u00e1ny a dezinfek\u010dn\u00fd proces je ukon\u010den\u00fd.\" \/><\/a>\r\n\t\t\t<\/div><\/figure><\/div>\n\n<p>&nbsp;<\/p>\n<h2>Hauptmerkmale des Desinfektionszelle<\/h2>\n<ul>\n<li>Schnelle und kontaktlose Desinfektion<\/li>\n<li>Vollautomatische L\u00f6sung<\/li>\n<li>Vorbeugung gegen Viren und Bakterien<\/li>\n<li>CE-Zertifizierung<\/li>\n<li>Aus Edelstahl<\/li>\n<li>Einfache Installation und Wartung<\/li>\n<li>Optimale Dosierung der Desinfektion<\/li>\n<li>Ber\u00fchrungslose H\u00f6hensensoren<\/li>\n<li>9 D\u00fcsen zum Auftragen des Desinfektionsmittels<\/li>\n<li>Signalisiert die Notwendigkeit einer zus\u00e4tzlichen Desinfektion<\/li>\n<li>Lichtsignalisierung des laufenden Desinfektionsprozesses<\/li>\n<li>M\u00f6glichkeit der Platzierung im Innen- und Au\u00dfenbereich<\/li>\n<li>M\u00f6glichkeit der Individualisierung<\/li>\n<\/ul>\n<h2>\nTechnische Spezifikation des Desinfektionszelle<\/h2>\n<ul>\n<li>Ma\u00dfe einschlie\u00dflich (HxBxT): 1656 x 1510 x 1598 mm<\/li>\n<li>Eintrittsbreite: 816 mm<\/li>\n<li>Material: rostfreier Stahl<\/li>\n<li>Betriebsdruck: 6 bar<\/li>\n<li>Anschlu\u00dfspannung: 230V \/ 50Hz<\/li>\n<li>Leistung: 0,15 kW<\/li>\n<li>D\u00fcsen: 9 Stk<\/li>\n<li>Desinfektionstank: 20 l<\/li>\n<li>Desinfektion: alkoholfrei<\/li>\n<li>Desinfektionsverbrauch: 0,13 \u2013 0,14 l \/ min<\/li>\n<li>Kapazit\u00e4t: ca. 2500 Desinfektionszyklen \/ Tank<\/li>\n<li>Produktgewicht mit: 176 kg<\/li>\n<li>F\u00fcr Personen mit einer Gr\u00f6\u00dfe von mehr als 110 cm geeignet; Kinder nur unter Aufsicht von Erwachsenen\n<div id='gallery-3' class='gallery galleryid-204 gallery-columns-3 gallery-size-medium'><figure class='gallery-item'>\r\n\t\t\t<div class='gallery-icon landscape'>\r\n\t\t\t\t<a href='https:\/\/www.spanner.sk\/wp-content\/uploads\/db02.jpg'><img loading=\"lazy\" decoding=\"async\" width=\"586\" height=\"361\" src=\"https:\/\/www.spanner.sk\/wp-content\/uploads\/db02.jpg\" class=\"attachment-medium size-medium\" alt=\"Grafick\u00e1 vizualiz\u00e1cia dezinfek\u010dnej br\u00e1ny\" \/><\/a>\r\n\t\t\t<\/div><\/figure><figure class='gallery-item'>\r\n\t\t\t<div class='gallery-icon landscape'>\r\n\t\t\t\t<a href='https:\/\/www.spanner.sk\/wp-content\/uploads\/db01.jpg'><img loading=\"lazy\" decoding=\"async\" width=\"644\" height=\"299\" src=\"https:\/\/www.spanner.sk\/wp-content\/uploads\/db01.jpg\" class=\"attachment-medium size-medium\" alt=\"Rozmery dezinfek\u010dnej br\u00e1ny Spanner SK\" \/><\/a>\r\n\t\t\t<\/div><\/figure><figure class='gallery-item'>\r\n\t\t\t<div class='gallery-icon portrait'>\r\n\t\t\t\t<a href='https:\/\/www.spanner.sk\/wp-content\/uploads\/db03.jpg'><img loading=\"lazy\" decoding=\"async\" width=\"347\" height=\"406\" src=\"https:\/\/www.spanner.sk\/wp-content\/uploads\/db03.jpg\" class=\"attachment-medium size-medium\" alt=\"Rozmery - \u0161\u00edrka a h\u013abka dezinfek\u010dnej br\u00e1ny Spanner SK\" \/><\/a>\r\n\t\t\t<\/div><\/figure><\/div>\n\n<\/li>\n<\/ul>\n<p>&nbsp;<\/p>\n<h3>Wenn Sie an weiteren Informationen interessiert sind, kontaktieren Sie uns unter <a href=\"mailto:sales@spanner.sk\" target=\"_blank\" rel=\"noopener noreferrer\">sales@spanner.sk<\/a>.<\/h3>\n<p>&nbsp;<\/p>\n<h2><strong>Produktbeschreibung<\/strong><\/h2>\n<p><strong> <a href=\"https:\/\/www.spanner.sk\/wp-content\/uploads\/EN_version_NEW_Disinfection_Gate.pdf\" target=\"_blank\" rel=\"noopener noreferrer\">Info zum Download hier<\/a><\/strong><\/p>\n<p>&nbsp;<\/p>\n<h2><strong>Es wurde \u00fcber uns geschrieben<\/strong><\/h2>\n<p>Podnikajte.sk: <a href=\"https:\/\/www.podnikajte.sk\/informacne-technologie\/spanner-dezinfekcne-brany\" target=\"_blank\" rel=\"noopener noreferrer\">Inovat\u00edvny n\u00e1pad z dielne SPANNER SK- dezinfek\u010dn\u00e9 br\u00e1ny m\u00f4\u017eu pom\u00f4c\u0165 mnoh\u00fdm firm\u00e1m<\/a><\/p>\n<p>Startitup.sk: <a href=\"https:\/\/www.startitup.sk\/slovenska-firma-vyvinula-specialne-dezinfekcne-brany-proti-pandemii-koronavirusu-jednu-daruju-aj-nemocnici\/\" target=\"_blank\" rel=\"noopener noreferrer\">Slovensk\u00e1 firma vyvinula \u0161peci\u00e1lne dezinfek\u010dn\u00e9 br\u00e1ny proti pand\u00e9mii koronav\u00edrusu, jednu daruj\u00fa aj nemocnici<\/a><\/p>\n<p>Trend.sk: <a href=\"https:\/\/www.trend.sk\/biznis\/dezinfekcne-brany-spanner-sk-pomoc-prevenciou-proti-koronavirusu\" target=\"_blank\" rel=\"noopener noreferrer\">Dezinfek\u010dn\u00e9 br\u00e1ny Spanner SK &#8211; pomoc s prevenciou proti koronav\u00edrusu<\/a><\/p>\n<p>Telev\u00edzna Regina RTVS: <a href=\"https:\/\/www.spanner.sk\/aktuality\/novinka-3\/\" target=\"_blank\" rel=\"noopener noreferrer\">S na\u0161im \u0161t\u00e1bom sme nav\u0161t\u00edvili stroj\u00e1rsku firmu v Pova\u017eskej Bystrici, ktor\u00e1 do v\u00fdroby zaradila aj mont\u00e1\u017e dezinfek\u010dn\u00fdch br\u00e1n<\/a><\/p>\n<p>Trend.sk: <a href=\"https:\/\/www.trend.sk\/spravy\/strojarska-firma-spanner-sk-prinasa-inovacie-investuje-rozvoja-aj-case-koronakrizy\">Stroj\u00e1rska firma Spanner SK prin\u00e1\u0161a inov\u00e1cie a investuje do rozvoja aj v \u010dase koronakr\u00edzy<\/a><\/p>\n","protected":false},"excerpt":{"rendered":"<p>Eine innovative L\u00f6sung zur kontaktlosen Desinfektion von Personen &nbsp; VORBEUGUNG \u2022 SICHERHEIT \u2022 QUALIT\u00c4T \u2022 EFFIZIENZ \u2022 VARIABILIT\u00c4T &nbsp; Wir sind uns des Wertes der menschlichen Gesundheit und der Bedeutung pr\u00e4ventiver Hygienema\u00dfnahmen bewusst, gerade auch langfristig. Wir bringen eine innovative L\u00f6sung f\u00fcr die kontaktlose Desinfektion von Menschen. Spanner SK-Desinfektionstore mit eingebauten kontaktlosen H\u00f6hensensoren verwenden D\u00fcsen, [&hellip;]<\/p>\n","protected":false},"author":2,"featured_media":0,"parent":812,"menu_order":0,"comment_status":"closed","ping_status":"closed","template":"","meta":{"_acf_changed":false,"_themeisle_gutenberg_block_has_review":false,"footnotes":""},"class_list":["post-204","page","type-page","status-publish","hentry"],"acf":[],"_links":{"self":[{"href":"https:\/\/www.spanner.sk\/de\/wp-json\/wp\/v2\/pages\/204","targetHints":{"allow":["GET"]}}],"collection":[{"href":"https:\/\/www.spanner.sk\/de\/wp-json\/wp\/v2\/pages"}],"about":[{"href":"https:\/\/www.spanner.sk\/de\/wp-json\/wp\/v2\/types\/page"}],"author":[{"embeddable":true,"href":"https:\/\/www.spanner.sk\/de\/wp-json\/wp\/v2\/users\/2"}],"replies":[{"embeddable":true,"href":"https:\/\/www.spanner.sk\/de\/wp-json\/wp\/v2\/comments?post=204"}],"version-history":[{"count":132,"href":"https:\/\/www.spanner.sk\/de\/wp-json\/wp\/v2\/pages\/204\/revisions"}],"predecessor-version":[{"id":1607,"href":"https:\/\/www.spanner.sk\/de\/wp-json\/wp\/v2\/pages\/204\/revisions\/1607"}],"up":[{"embeddable":true,"href":"https:\/\/www.spanner.sk\/de\/wp-json\/wp\/v2\/pages\/812"}],"wp:attachment":[{"href":"https:\/\/www.spanner.sk\/de\/wp-json\/wp\/v2\/media?parent=204"}],"curies":[{"name":"wp","href":"https:\/\/api.w.org\/{rel}","templated":true}]}}