{"id":148,"date":"2020-05-07T17:20:50","date_gmt":"2020-05-07T15:20:50","guid":{"rendered":"http:\/\/spanner.uweb.sk\/?page_id=148"},"modified":"2020-08-20T10:00:19","modified_gmt":"2020-08-20T08:00:19","slug":"ostatne","status":"publish","type":"page","link":"https:\/\/www.spanner.sk\/de\/vyroba\/ostatne\/","title":{"rendered":"Sonstiges"},"content":{"rendered":"<p>Da wir Komplex-Dienstleistungen anbieten wollen, erhalten Sie bei uns auch die Verarbeitung und Oberfl\u00e4chenbehandlung Wir verf\u00fcgen \u00fcber den unten erw\u00e4hnten Maschinenpark.<\/p>\n<div id='gallery-1' class='gallery galleryid-148 gallery-columns-3 gallery-size-thumbnail'><figure class='gallery-item'>\r\n\t\t\t<div class='gallery-icon landscape'>\r\n\t\t\t\t<img loading=\"lazy\" decoding=\"async\" width=\"360\" height=\"240\" src=\"https:\/\/www.spanner.sk\/wp-content\/uploads\/DSC04253-360x240.jpg\" class=\"attachment-thumbnail size-thumbnail\" alt=\"\" \/>\r\n\t\t\t<\/div><\/figure><figure class='gallery-item'>\r\n\t\t\t<div class='gallery-icon landscape'>\r\n\t\t\t\t<img loading=\"lazy\" decoding=\"async\" width=\"360\" height=\"240\" src=\"https:\/\/www.spanner.sk\/wp-content\/uploads\/DSC04247-360x240.jpg\" class=\"attachment-thumbnail size-thumbnail\" alt=\"\" \/>\r\n\t\t\t<\/div><\/figure><figure class='gallery-item'>\r\n\t\t\t<div class='gallery-icon landscape'>\r\n\t\t\t\t<img loading=\"lazy\" decoding=\"async\" width=\"360\" height=\"240\" src=\"https:\/\/www.spanner.sk\/wp-content\/uploads\/DSC04214-360x240.jpg\" class=\"attachment-thumbnail size-thumbnail\" alt=\"\" \/>\r\n\t\t\t<\/div><\/figure><\/div>\n\n<h4>\u00a0<\/h4>\n<h4>Maschinenpark &#8211; Verarbeitung:<\/h4>\n<ul>\n<li>Spitzendrehmaschine <strong>Weiler Condor<\/strong>;<\/li>\n<li>Fr\u00e4smaschine <strong>HERMLE UWF902H<\/strong> mit 3 Achsen;<\/li>\n<li>Radial-Ausleger-Bohrmaschinen;<\/li>\n<li>Druck-Strahlkabine <strong>CAB 135P<\/strong> (1350 x 1100 x 1070 mm);<\/li>\n<li>Gewindeschneider <strong>Roscamat M12<\/strong>;<\/li>\n<li>Profil- und Rohrbiegwalzen <strong>Zopf<\/strong>.<\/li>\n<\/ul>\n<h4>Maschinenpark &#8211; Oberfl\u00e4chenbehandlung:<\/h4>\n<ul>\n<li><strong>Reinigungsanlage ZIPPEL<\/strong> mit Korb 1000 x 1000 mm;<\/li>\n<li><strong>Lackierbox Saima Meccanica s.p.a.<\/strong> mit Ausmasse 6 100 x 3 560 x\u00a0 3 000 mm f\u00fcr Nassfarbeauftr\u00e4ge;<\/li>\n<li>Pulverbeschichtung &#8211; Zusammenarbeit mit einem externen Lieferanten;<\/li>\n<li>Verzinkung, Beizung, Passivierung, Schw\u00e4rzung und Eloxierung \u2013 Zusammenarbeit mit einem externem Lieferanten.<\/li>\n<\/ul>\n","protected":false},"excerpt":{"rendered":"<p>Da wir Komplex-Dienstleistungen anbieten wollen, erhalten Sie bei uns auch die Verarbeitung und Oberfl\u00e4chenbehandlung Wir verf\u00fcgen \u00fcber den unten erw\u00e4hnten Maschinenpark. \u00a0 Maschinenpark &#8211; Verarbeitung: Spitzendrehmaschine Weiler Condor; Fr\u00e4smaschine HERMLE UWF902H mit 3 Achsen; Radial-Ausleger-Bohrmaschinen; Druck-Strahlkabine CAB 135P (1350 x 1100 x 1070 mm); Gewindeschneider Roscamat M12; Profil- und Rohrbiegwalzen Zopf. Maschinenpark &#8211; Oberfl\u00e4chenbehandlung: Reinigungsanlage [&hellip;]<\/p>\n","protected":false},"author":2,"featured_media":267,"parent":7,"menu_order":0,"comment_status":"closed","ping_status":"closed","template":"","meta":{"_acf_changed":false,"_themeisle_gutenberg_block_has_review":false,"footnotes":""},"class_list":["post-148","page","type-page","status-publish","has-post-thumbnail","hentry"],"acf":[],"_links":{"self":[{"href":"https:\/\/www.spanner.sk\/de\/wp-json\/wp\/v2\/pages\/148","targetHints":{"allow":["GET"]}}],"collection":[{"href":"https:\/\/www.spanner.sk\/de\/wp-json\/wp\/v2\/pages"}],"about":[{"href":"https:\/\/www.spanner.sk\/de\/wp-json\/wp\/v2\/types\/page"}],"author":[{"embeddable":true,"href":"https:\/\/www.spanner.sk\/de\/wp-json\/wp\/v2\/users\/2"}],"replies":[{"embeddable":true,"href":"https:\/\/www.spanner.sk\/de\/wp-json\/wp\/v2\/comments?post=148"}],"version-history":[{"count":10,"href":"https:\/\/www.spanner.sk\/de\/wp-json\/wp\/v2\/pages\/148\/revisions"}],"predecessor-version":[{"id":719,"href":"https:\/\/www.spanner.sk\/de\/wp-json\/wp\/v2\/pages\/148\/revisions\/719"}],"up":[{"embeddable":true,"href":"https:\/\/www.spanner.sk\/de\/wp-json\/wp\/v2\/pages\/7"}],"wp:featuredmedia":[{"embeddable":true,"href":"https:\/\/www.spanner.sk\/de\/wp-json\/wp\/v2\/media\/267"}],"wp:attachment":[{"href":"https:\/\/www.spanner.sk\/de\/wp-json\/wp\/v2\/media?parent=148"}],"curies":[{"name":"wp","href":"https:\/\/api.w.org\/{rel}","templated":true}]}}