{"id":139,"date":"2020-05-07T14:12:43","date_gmt":"2020-05-07T12:12:43","guid":{"rendered":"http:\/\/spanner.uweb.sk\/?page_id=139"},"modified":"2020-08-20T10:02:18","modified_gmt":"2020-08-20T08:02:18","slug":"montazne-celky","status":"publish","type":"page","link":"https:\/\/www.spanner.sk\/de\/vyroba\/montazne-celky\/","title":{"rendered":"Baugruppen"},"content":{"rendered":"<p>Unsere Mitarbeiter montieren t\u00e4glich kleinere und gr\u00f6ssere Einrichtungen bis 5 Tonnen, einschliesslich der Reifen, der Elektroinstallationen und pr\u00fcfen diese. Die Herstellung von kompletten Anlagen mit der Lieferung an unsere Endkunden ist unsere St\u00e4rke.<\/p>\n<div id='gallery-1' class='gallery galleryid-139 gallery-columns-3 gallery-size-thumbnail'><figure class='gallery-item'>\r\n\t\t\t<div class='gallery-icon portrait'>\r\n\t\t\t\t<img loading=\"lazy\" decoding=\"async\" width=\"360\" height=\"240\" src=\"https:\/\/www.spanner.sk\/wp-content\/uploads\/IMG_0160-1-360x240.jpg\" class=\"attachment-thumbnail size-thumbnail\" alt=\"\" \/>\r\n\t\t\t<\/div><\/figure><figure class='gallery-item'>\r\n\t\t\t<div class='gallery-icon landscape'>\r\n\t\t\t\t<img loading=\"lazy\" decoding=\"async\" width=\"360\" height=\"240\" src=\"https:\/\/www.spanner.sk\/wp-content\/uploads\/DSC04041-360x240.jpg\" class=\"attachment-thumbnail size-thumbnail\" alt=\"\" \/>\r\n\t\t\t<\/div><\/figure><figure class='gallery-item'>\r\n\t\t\t<div class='gallery-icon landscape'>\r\n\t\t\t\t<img loading=\"lazy\" decoding=\"async\" width=\"360\" height=\"240\" src=\"https:\/\/www.spanner.sk\/wp-content\/uploads\/DSC03701-360x240.jpg\" class=\"attachment-thumbnail size-thumbnail\" alt=\"\" \/>\r\n\t\t\t<\/div><\/figure><\/div>\n\n<p>&nbsp;<\/p>\n<p>&nbsp;<\/p>\n<p>&nbsp;<\/p>\n<p>&nbsp;<\/p>\n<p>&nbsp;<\/p>\n","protected":false},"excerpt":{"rendered":"<p>Unsere Mitarbeiter montieren t\u00e4glich kleinere und gr\u00f6ssere Einrichtungen bis 5 Tonnen, einschliesslich der Reifen, der Elektroinstallationen und pr\u00fcfen diese. Die Herstellung von kompletten Anlagen mit der Lieferung an unsere Endkunden ist unsere St\u00e4rke. &nbsp; &nbsp; &nbsp; &nbsp; &nbsp;<\/p>\n","protected":false},"author":1,"featured_media":266,"parent":7,"menu_order":0,"comment_status":"closed","ping_status":"closed","template":"","meta":{"_acf_changed":false,"_themeisle_gutenberg_block_has_review":false,"footnotes":""},"class_list":["post-139","page","type-page","status-publish","has-post-thumbnail","hentry"],"acf":[],"_links":{"self":[{"href":"https:\/\/www.spanner.sk\/de\/wp-json\/wp\/v2\/pages\/139","targetHints":{"allow":["GET"]}}],"collection":[{"href":"https:\/\/www.spanner.sk\/de\/wp-json\/wp\/v2\/pages"}],"about":[{"href":"https:\/\/www.spanner.sk\/de\/wp-json\/wp\/v2\/types\/page"}],"author":[{"embeddable":true,"href":"https:\/\/www.spanner.sk\/de\/wp-json\/wp\/v2\/users\/1"}],"replies":[{"embeddable":true,"href":"https:\/\/www.spanner.sk\/de\/wp-json\/wp\/v2\/comments?post=139"}],"version-history":[{"count":18,"href":"https:\/\/www.spanner.sk\/de\/wp-json\/wp\/v2\/pages\/139\/revisions"}],"predecessor-version":[{"id":722,"href":"https:\/\/www.spanner.sk\/de\/wp-json\/wp\/v2\/pages\/139\/revisions\/722"}],"up":[{"embeddable":true,"href":"https:\/\/www.spanner.sk\/de\/wp-json\/wp\/v2\/pages\/7"}],"wp:featuredmedia":[{"embeddable":true,"href":"https:\/\/www.spanner.sk\/de\/wp-json\/wp\/v2\/media\/266"}],"wp:attachment":[{"href":"https:\/\/www.spanner.sk\/de\/wp-json\/wp\/v2\/media?parent=139"}],"curies":[{"name":"wp","href":"https:\/\/api.w.org\/{rel}","templated":true}]}}