{"id":135,"date":"2020-05-07T13:44:19","date_gmt":"2020-05-07T11:44:19","guid":{"rendered":"http:\/\/spanner.uweb.sk\/?page_id=135"},"modified":"2021-05-19T08:40:18","modified_gmt":"2021-05-19T06:40:18","slug":"zvarane-zostavy","status":"publish","type":"page","link":"https:\/\/www.spanner.sk\/de\/vyroba\/zvarane-zostavy\/","title":{"rendered":"Schweissbaugruppen"},"content":{"rendered":"<p>Wir verf\u00fcgen sowohl \u00fcber moderne Schweissanlagen von Lorch mit hohem Qualit\u00e4tsstandard, mehreren 3D Schweisstischen der Marke Demmeler mit Abmessungen von 3 000 x 1 500 mm und 1 500 x 1 500 mm mit Zubeh\u00f6r, sowie auch Schweissdrehtische von Fronius und automatisiertes Schwei\u00dfen Roboter Arbeitsplatz Valk Welding.<\/p>\n<p>Wir bieten MIG, MAG, TIG\/WIG Hand- und Roboterschweissen an, mit dem Schwerpunkt auf Qualit\u00e4t nach dem Sandard ISO 9001:2015 und ISO 3834-2:2005.<\/p>\n<div id='gallery-1' class='gallery galleryid-135 gallery-columns-3 gallery-size-thumbnail'><figure class='gallery-item'>\r\n\t\t\t<div class='gallery-icon landscape'>\r\n\t\t\t\t<img loading=\"lazy\" decoding=\"async\" width=\"360\" height=\"240\" src=\"https:\/\/www.spanner.sk\/wp-content\/uploads\/11-360x240.jpg\" class=\"attachment-thumbnail size-thumbnail\" alt=\"\" \/>\r\n\t\t\t<\/div><\/figure><figure class='gallery-item'>\r\n\t\t\t<div class='gallery-icon portrait'>\r\n\t\t\t\t<img loading=\"lazy\" decoding=\"async\" width=\"360\" height=\"240\" src=\"https:\/\/www.spanner.sk\/wp-content\/uploads\/12-360x240.jpg\" class=\"attachment-thumbnail size-thumbnail\" alt=\"\" \/>\r\n\t\t\t<\/div><\/figure><figure class='gallery-item'>\r\n\t\t\t<div class='gallery-icon landscape'>\r\n\t\t\t\t<img loading=\"lazy\" decoding=\"async\" width=\"360\" height=\"240\" src=\"https:\/\/www.spanner.sk\/wp-content\/uploads\/14-360x240.jpg\" class=\"attachment-thumbnail size-thumbnail\" alt=\"\" \/>\r\n\t\t\t<\/div><\/figure><\/div>\n\n<p>&nbsp;<\/p>\n<p><strong>NEWS 2020 &#8211; Das automatisierte Schwei\u00dfen von Robotern am Arbeitsplatz Valk Welding:<\/strong><\/p>\n<p>Um die Effizienz der Prozesse zu steigern, haben wir Ressourcen in das neue automatisierte Schwei\u00dfroboter-Arbeitsplatz-Valk-Welding investiert. Die Einf\u00fchrung in die Produktion erfolgte im letzten Quartal 2020.<\/p>\n<p>&nbsp;<\/p>\n<h4>Wir bieten Ihnen folgende Methoden und Schweissanlagen an:<\/h4>\n<ul>\n<li><strong>Schweissen TIG\/WIG<\/strong> \u2013 beim Schutzgassschweissen mit unschmelzbarer Elektrode wird das Schweissger\u00e4t Lorch T250 benutzt;<\/li>\n<li><strong>Schweissen MIG und MAG<\/strong> \u2013 beim Schutzgassschweissen mit CO2 oder CO2 mit Argon werden die Schweissger\u00e4te Lorch Saprom S 3, S5, Fronius Synergic 2700 benutzt, alle mit Pulssystem;<\/li>\n<li><strong>Druckzentrum f\u00fcr Druckkontrolle<\/strong> der Schweissteile, Medien Wasser und Druckluft, nach den W\u00fcnschen des Kunden;<\/li>\n<li><strong>Handhydraulikrichtpressen<\/strong> bis 30 Tonnen;<\/li>\n<li><strong>Bolzschweissmaschinen f\u00fcr Bolzschweissen K\u00f6co KST 110<\/strong> mit einem Kapazit\u00e4tssystem bis Bolzdurchmesser von D8 mm;<\/li>\n<li><strong>Widerstandsschweissger\u00e4t Tecna 6 kVA<\/strong>;<\/li>\n<li><strong>Absaugung der Schweissschube<\/strong> durch System Envirotech.<\/li>\n<\/ul>\n<div id='gallery-2' class='gallery galleryid-135 gallery-columns-3 gallery-size-thumbnail'><figure class='gallery-item'>\r\n\t\t\t<div class='gallery-icon landscape'>\r\n\t\t\t\t<img loading=\"lazy\" decoding=\"async\" width=\"360\" height=\"240\" src=\"https:\/\/www.spanner.sk\/wp-content\/uploads\/DSC04204-360x240.jpg\" class=\"attachment-thumbnail size-thumbnail\" alt=\"\" \/>\r\n\t\t\t<\/div><\/figure><figure class='gallery-item'>\r\n\t\t\t<div class='gallery-icon landscape'>\r\n\t\t\t\t<img loading=\"lazy\" decoding=\"async\" width=\"360\" height=\"240\" src=\"https:\/\/www.spanner.sk\/wp-content\/uploads\/DSC04105-360x240.jpg\" class=\"attachment-thumbnail size-thumbnail\" alt=\"\" \/>\r\n\t\t\t<\/div><\/figure><figure class='gallery-item'>\r\n\t\t\t<div class='gallery-icon landscape'>\r\n\t\t\t\t<img loading=\"lazy\" decoding=\"async\" width=\"360\" height=\"240\" src=\"https:\/\/www.spanner.sk\/wp-content\/uploads\/DSC04145-360x240.jpg\" class=\"attachment-thumbnail size-thumbnail\" alt=\"\" \/>\r\n\t\t\t<\/div><\/figure><\/div>\n\n","protected":false},"excerpt":{"rendered":"<p>Wir verf\u00fcgen sowohl \u00fcber moderne Schweissanlagen von Lorch mit hohem Qualit\u00e4tsstandard, mehreren 3D Schweisstischen der Marke Demmeler mit Abmessungen von 3 000 x 1 500 mm und 1 500 x 1 500 mm mit Zubeh\u00f6r, sowie auch Schweissdrehtische von Fronius und automatisiertes Schwei\u00dfen Roboter Arbeitsplatz Valk Welding. Wir bieten MIG, MAG, TIG\/WIG Hand- und Roboterschweissen [&hellip;]<\/p>\n","protected":false},"author":1,"featured_media":269,"parent":7,"menu_order":0,"comment_status":"closed","ping_status":"closed","template":"","meta":{"_acf_changed":false,"_themeisle_gutenberg_block_has_review":false,"footnotes":""},"class_list":["post-135","page","type-page","status-publish","has-post-thumbnail","hentry"],"acf":[],"_links":{"self":[{"href":"https:\/\/www.spanner.sk\/de\/wp-json\/wp\/v2\/pages\/135","targetHints":{"allow":["GET"]}}],"collection":[{"href":"https:\/\/www.spanner.sk\/de\/wp-json\/wp\/v2\/pages"}],"about":[{"href":"https:\/\/www.spanner.sk\/de\/wp-json\/wp\/v2\/types\/page"}],"author":[{"embeddable":true,"href":"https:\/\/www.spanner.sk\/de\/wp-json\/wp\/v2\/users\/1"}],"replies":[{"embeddable":true,"href":"https:\/\/www.spanner.sk\/de\/wp-json\/wp\/v2\/comments?post=135"}],"version-history":[{"count":39,"href":"https:\/\/www.spanner.sk\/de\/wp-json\/wp\/v2\/pages\/135\/revisions"}],"predecessor-version":[{"id":1194,"href":"https:\/\/www.spanner.sk\/de\/wp-json\/wp\/v2\/pages\/135\/revisions\/1194"}],"up":[{"embeddable":true,"href":"https:\/\/www.spanner.sk\/de\/wp-json\/wp\/v2\/pages\/7"}],"wp:featuredmedia":[{"embeddable":true,"href":"https:\/\/www.spanner.sk\/de\/wp-json\/wp\/v2\/media\/269"}],"wp:attachment":[{"href":"https:\/\/www.spanner.sk\/de\/wp-json\/wp\/v2\/media?parent=135"}],"curies":[{"name":"wp","href":"https:\/\/api.w.org\/{rel}","templated":true}]}}