{"id":133,"date":"2020-05-07T13:44:03","date_gmt":"2020-05-07T11:44:03","guid":{"rendered":"http:\/\/spanner.uweb.sk\/?page_id=133"},"modified":"2022-02-22T07:53:39","modified_gmt":"2022-02-22T06:53:39","slug":"plechove-diely","status":"publish","type":"page","link":"https:\/\/www.spanner.sk\/de\/vyroba\/plechove-diely\/","title":{"rendered":"Blechteile"},"content":{"rendered":"<p>Unser qualifiziertes Personal realisiert die Blechbearbeitung auf h\u00f6chstem Qualit\u00e4tsniveau, mithilfe von spezialisierten Anlagen und verschiedenen Fertigungstechnologien.<\/p>\n<div id='gallery-1' class='gallery galleryid-133 gallery-columns-3 gallery-size-thumbnail'><figure class='gallery-item'>\r\n\t\t\t<div class='gallery-icon landscape'>\r\n\t\t\t\t<img loading=\"lazy\" decoding=\"async\" width=\"360\" height=\"240\" src=\"https:\/\/www.spanner.sk\/wp-content\/uploads\/DSC03782-360x240.jpg\" class=\"attachment-thumbnail size-thumbnail\" alt=\"\" \/>\r\n\t\t\t<\/div><\/figure><figure class='gallery-item'>\r\n\t\t\t<div class='gallery-icon landscape'>\r\n\t\t\t\t<img loading=\"lazy\" decoding=\"async\" width=\"360\" height=\"240\" src=\"https:\/\/www.spanner.sk\/wp-content\/uploads\/DSC03717-360x240.jpg\" class=\"attachment-thumbnail size-thumbnail\" alt=\"\" \/>\r\n\t\t\t<\/div><\/figure><figure class='gallery-item'>\r\n\t\t\t<div class='gallery-icon landscape'>\r\n\t\t\t\t<img loading=\"lazy\" decoding=\"async\" width=\"360\" height=\"240\" src=\"https:\/\/www.spanner.sk\/wp-content\/uploads\/DSC03964-360x240.jpg\" class=\"attachment-thumbnail size-thumbnail\" alt=\"\" \/>\r\n\t\t\t<\/div><\/figure><\/div>\n\n<h4>\u00a0<\/h4>\n<h4>Werkstofftrennung wird mit der Hilfe folgender Anlagen realisiert:<\/h4>\n<ul>\n<li><strong>Laserschneidanlage TRUMPF 1030 mit einer maximalen Blechgr\u00f6sse von 3000 x\u00a0 1500 mm<\/strong> bearbeitet verschiedene St\u00e4rken von Materialien \u2013 Stahl bis 20 mm, Edelstahl bis 16 mm, Aluminium bis 12 mm, Kupfer \u00a0und Messing bis 4 mm;;<\/li>\n<li><strong>Schleifmaschine Lissmac SMD 123<\/strong> ist f\u00fcr das Entgraten von gelaserten Teilen bis zur Breite von 950 mm geeignet;<\/li>\n<li><strong>Bands\u00e4ge Bomar Ergonomic 275<\/strong> f\u00fcr Stahlhalbfabrikantentrennung;<\/li>\n<li><strong>Blech-Tafelschere<\/strong> mit einer Schnittbreite von 1000 mm.<\/li>\n<\/ul>\n<h4>Kaltumformung wird mit der Hilfe von folgender Anlagen realisiert:<\/h4>\n<ul>\n<li><strong>CNC Abkantpresse AMADA HFE M2 170.3<\/strong> mit einer Kapazit\u00e4t von 170 Tonnen, Abbiegungsl\u00e4nge von 3 110 mm, St\u00e4rke des gebeugten Materials bis 15 mm und \u00a0einem Pressdruck von 210-1700 kN;<\/li>\n<li><strong>Abkantpresse Trumpf TruBend 5130 X<\/strong> mit erh\u00f6hter Arbeitsh\u00f6he, Abbiegungsl\u00e4nge von 3 230 mm und einem Pressdruck von 1 300 kN,<\/li>\n<li><strong>Servo-elektrische Abkanntpresse TRUMPF TRUBEND 7036<\/strong>;<\/li>\n<li><strong>Hydraulische Blechrundbiegemaschine NC VB St\u00f6lting M 1485<\/strong> mit vier Walzen mit einem Durschnitt von 250 mm mit Vorbiegung, Rollenbreite von 2000 mm und maximale St\u00e4rke des bearbeiteten Materials bis 10 mm;<\/li>\n<li><strong>Blechrundbiegemaschine<\/strong> mit maximaler St\u00e4rke des bearbeiteten Materials bis 5 mm.<\/li>\n<\/ul>\n","protected":false},"excerpt":{"rendered":"<p>Unser qualifiziertes Personal realisiert die Blechbearbeitung auf h\u00f6chstem Qualit\u00e4tsniveau, mithilfe von spezialisierten Anlagen und verschiedenen Fertigungstechnologien. \u00a0 Werkstofftrennung wird mit der Hilfe folgender Anlagen realisiert: Laserschneidanlage TRUMPF 1030 mit einer maximalen Blechgr\u00f6sse von 3000 x\u00a0 1500 mm bearbeitet verschiedene St\u00e4rken von Materialien \u2013 Stahl bis 20 mm, Edelstahl bis 16 mm, Aluminium bis 12 mm, [&hellip;]<\/p>\n","protected":false},"author":1,"featured_media":268,"parent":7,"menu_order":0,"comment_status":"closed","ping_status":"closed","template":"","meta":{"_acf_changed":false,"_themeisle_gutenberg_block_has_review":false,"footnotes":""},"class_list":["post-133","page","type-page","status-publish","has-post-thumbnail","hentry"],"acf":[],"_links":{"self":[{"href":"https:\/\/www.spanner.sk\/de\/wp-json\/wp\/v2\/pages\/133","targetHints":{"allow":["GET"]}}],"collection":[{"href":"https:\/\/www.spanner.sk\/de\/wp-json\/wp\/v2\/pages"}],"about":[{"href":"https:\/\/www.spanner.sk\/de\/wp-json\/wp\/v2\/types\/page"}],"author":[{"embeddable":true,"href":"https:\/\/www.spanner.sk\/de\/wp-json\/wp\/v2\/users\/1"}],"replies":[{"embeddable":true,"href":"https:\/\/www.spanner.sk\/de\/wp-json\/wp\/v2\/comments?post=133"}],"version-history":[{"count":27,"href":"https:\/\/www.spanner.sk\/de\/wp-json\/wp\/v2\/pages\/133\/revisions"}],"predecessor-version":[{"id":1444,"href":"https:\/\/www.spanner.sk\/de\/wp-json\/wp\/v2\/pages\/133\/revisions\/1444"}],"up":[{"embeddable":true,"href":"https:\/\/www.spanner.sk\/de\/wp-json\/wp\/v2\/pages\/7"}],"wp:featuredmedia":[{"embeddable":true,"href":"https:\/\/www.spanner.sk\/de\/wp-json\/wp\/v2\/media\/268"}],"wp:attachment":[{"href":"https:\/\/www.spanner.sk\/de\/wp-json\/wp\/v2\/media?parent=133"}],"curies":[{"name":"wp","href":"https:\/\/api.w.org\/{rel}","templated":true}]}}